{"id":3,"date":"2026-03-16T13:31:48","date_gmt":"2026-03-16T13:31:48","guid":{"rendered":"https:\/\/fincast.fi\/?page_id=3"},"modified":"2026-03-30T11:36:08","modified_gmt":"2026-03-30T11:36:08","slug":"tietosuojaseloste","status":"publish","type":"page","link":"https:\/\/fincast.fi\/sv\/tietosuojaseloste\/","title":{"rendered":"Dataskyddsbeskrivning"},"content":{"rendered":"<div data-elementor-type=\"wp-page\" data-elementor-id=\"3\" class=\"elementor elementor-3\">\n\t\t\t\t<div class=\"elementor-element elementor-element-48eb7eb e-flex e-con-boxed parallax_section_no qode_elementor_container_no e-con e-parent\" data-id=\"48eb7eb\" data-element_type=\"container\" data-e-type=\"container\" data-settings=\"{&quot;background_background&quot;:&quot;classic&quot;}\">\n\t\t\t\t\t<div class=\"e-con-inner\">\n\t\t\t\t<div class=\"elementor-element elementor-element-40c9045 elementor-widget elementor-widget-heading\" data-id=\"40c9045\" data-element_type=\"widget\" data-e-type=\"widget\" data-widget_type=\"heading.default\">\n\t\t\t\t\t<h1 class=\"elementor-heading-title elementor-size-default\">Dataskyddsbeskrivning<\/h1>\t\t\t\t<\/div>\n\t\t\t\t\t<\/div>\n\t\t\t\t<\/div>\n\t\t<div class=\"elementor-element elementor-element-0e41b96 e-flex e-con-boxed parallax_section_no qode_elementor_container_no e-con e-parent\" data-id=\"0e41b96\" data-element_type=\"container\" data-e-type=\"container\">\n\t\t\t\t\t<div class=\"e-con-inner\">\n\t\t\t\t<div class=\"elementor-element elementor-element-6e766ec elementor-widget elementor-widget-spacer\" data-id=\"6e766ec\" data-element_type=\"widget\" data-e-type=\"widget\" data-widget_type=\"spacer.default\">\n\t\t\t\t\t\t\t<div class=\"elementor-spacer\">\n\t\t\t<div class=\"elementor-spacer-inner\"><\/div>\n\t\t<\/div>\n\t\t\t\t\t\t<\/div>\n\t\t\t\t<div class=\"elementor-element elementor-element-a04aad3 elementor-widget elementor-widget-text-editor\" data-id=\"a04aad3\" data-element_type=\"widget\" data-e-type=\"widget\" data-widget_type=\"text-editor.default\">\n\t\t\t\t\t\t\t\t\t<p><strong>P\u00e4ivitetty viimeksi:<\/strong> 30.3.2026 <strong>Voimaantulop\u00e4iv\u00e4:<\/strong> 30.3.2026<\/p><p>T\u00e4m\u00e4 tietosuojaseloste kuvaa Fincast Oy:n (Kaukoilantie 4, 03100 Nummela, s\u00e4hk\u00f6posti: antti@fincast.fi, puhelin: +358500653789) k\u00e4yt\u00e4nt\u00f6j\u00e4 koskien tietojen keruuta, k\u00e4ytt\u00f6\u00e4 ja luovuttamista, kun k\u00e4yt\u00e4t verkkosivustoamme ( <a href=\"https:\/\/fincast.fi\/sv\/\" target=\"_blank\" rel=\"noreferrer noopener\">https:\/\/www.fincast.fi\/<\/a>\u00a0) (j\u00e4ljemp\u00e4n\u00e4 \u201dPalvelu\u201d). K\u00e4ytt\u00e4m\u00e4ll\u00e4 Palvelua suostut tietojesi keruuseen, k\u00e4ytt\u00f6\u00f6n ja luovuttamiseen t\u00e4m\u00e4n tietosuojaselosteen mukaisesti. Jos et hyv\u00e4ksy ehtoja, \u00e4l\u00e4 k\u00e4yt\u00e4 Palvelua.<\/p><p>Voimme muuttaa t\u00e4t\u00e4 tietosuojaselostetta milloin tahansa ilman ennakkoilmoitusta, ja julkaisemme muutetun version Palvelussa. Muutettu k\u00e4yt\u00e4nt\u00f6 tulee voimaan 180 p\u00e4iv\u00e4n kuluttua sen julkaisemisesta Palvelussa, ja Palvelun k\u00e4yt\u00f6n jatkaminen kyseisen ajan j\u00e4lkeen katsotaan muutetun tietosuojaselosteen hyv\u00e4ksymiseksi. Suosittelemme siksi tarkistamaan t\u00e4m\u00e4n sivun s\u00e4\u00e4nn\u00f6llisesti.<\/p><h2><strong>Miten k\u00e4yt\u00e4mme tietojasi:<\/strong><\/h2><p>K\u00e4yt\u00e4mme ker\u00e4\u00e4mi\u00e4mme tietoja seuraaviin tarkoituksiin:<\/p><ul><li>Asiakaspalautteen ker\u00e4\u00e4minen<\/li><li>K\u00e4ytt\u00f6ehtojen toimeenpano<\/li><li>Tuki<\/li><li>Sivuston suojaus<\/li><\/ul><p>Jos haluamme k\u00e4ytt\u00e4\u00e4 tietojasi johonkin muuhun tarkoitukseen, pyyd\u00e4mme siihen suostumuksesi. K\u00e4yt\u00e4mme tietojasi vain suostumuksen saatuamme ja vain niihin tarkoituksiin, joihin suostumus on annettu, ellei laki velvoita meit\u00e4 toimimaan toisin.<\/p><h2><strong>Miten jaamme tietojasi:<\/strong><\/h2><p>Emme luovuta henkil\u00f6tietojasi kolmansille osapuolille ilman suostumustasi, lukuun ottamatta seuraavia rajoitettuja tilanteita:<\/p><ul><li>Analytiikka<\/li><li>Tiedonkeruu ja -k\u00e4sittely<\/li><\/ul><p>Edellyt\u00e4mme, ett\u00e4 n\u00e4m\u00e4 kolmannet osapuolet k\u00e4ytt\u00e4v\u00e4t heille siirrettyj\u00e4 henkil\u00f6tietoja vain siihen tarkoitukseen, johon ne on siirretty, eiv\u00e4tk\u00e4 s\u00e4ilyt\u00e4 niit\u00e4 pidemp\u00e4\u00e4n kuin on tarpeen kyseisen tarkoituksen t\u00e4ytt\u00e4miseksi.<\/p><p>Voimme my\u00f6s luovuttaa henkil\u00f6tietojasi seuraavissa tapauksissa: (1) noudattaaksemme sovellettavaa lakia, asetusta, oikeuden m\u00e4\u00e4r\u00e4yst\u00e4 tai muuta oikeudellista prosessia; (2) pannaksemme t\u00e4yt\u00e4nt\u00f6\u00f6n sopimuksesi kanssamme, mukaan lukien t\u00e4m\u00e4 tietosuojaseloste; tai (3) vastataksemme v\u00e4itteisiin, joiden mukaan Palvelun k\u00e4ytt\u00f6si loukkaa kolmansien osapuolten oikeuksia. Jos Palvelu tai yrityksemme sulautuu toiseen yritykseen tai toinen yritys ostaa sen, tietosi ovat yksi uudelle omistajalle siirtyvist\u00e4 varoista.<\/p><h2><strong>Oikeutesi:<\/strong><\/h2><p>Sovellettavasta laista riippuen sinulla voi olla oikeus tarkastaa, oikaista tai poistaa henkil\u00f6tietosi tai saada kopio henkil\u00f6tiedoistasi, rajoittaa tai vastustaa tietojesi aktiivista k\u00e4sittely\u00e4, pyyt\u00e4\u00e4 meit\u00e4 siirt\u00e4m\u00e4\u00e4n henkil\u00f6tietosi toiselle taholle, peruuttaa meille antamasi suostumus tietojen k\u00e4sittelyyn, tehd\u00e4 valitus valvontaviranomaiselle sek\u00e4 muita sovellettavien lakien mukaisia oikeuksia. K\u00e4ytt\u00e4\u00e4ksesi n\u00e4it\u00e4 oikeuksia voit ottaa yhteytt\u00e4 osoitteeseen antti@fincast.fi. Vastaamme pyynt\u00f6\u00f6si sovellettavan lain mukaisesti.<\/p><p>Huomaathan, ett\u00e4 jos et salli meid\u00e4n ker\u00e4t\u00e4 tai k\u00e4sitell\u00e4 tarvittavia henkil\u00f6tietoja tai jos peruutat suostumuksen niiden k\u00e4sittelyyn vaadittuihin tarkoituksiin, et ehk\u00e4 voi k\u00e4ytt\u00e4\u00e4 palveluita, joita varten tietojasi pyydettiin.<\/p><h2><strong>Ev\u00e4steet jne.<\/strong><\/h2><p>Lis\u00e4tietoja siit\u00e4, miten k\u00e4yt\u00e4mme n\u00e4it\u00e4 ja mit\u00e4 valintoja sinulla on n\u00e4iden seurantateknologioiden suhteen, l\u00f6yd\u00e4t ev\u00e4stek\u00e4yt\u00e4nn\u00f6st\u00e4mme (<a href=\"https:\/\/fincast.fi\/sv\/evastekaytannot\/\" target=\"_blank\" rel=\"noreferrer noopener\">Cookie Policy).<\/a><\/p><h2><strong>Tietoturva:<\/strong><\/h2><p>Tietojesi turvallisuus on meille t\u00e4rke\u00e4\u00e4, ja k\u00e4yt\u00e4mme kohtuullisia turvatoimia hallussamme olevien tietojen katoamisen, v\u00e4\u00e4rink\u00e4yt\u00f6n tai luvattoman muuttamisen est\u00e4miseksi. Koska t\u00e4ydellist\u00e4 turvallisuutta ei kuitenkaan voida taata, emme voi varmistaa tai taata meille l\u00e4hett\u00e4miesi tietojen turvallisuutta, ja teet sen omalla vastuullasi.<\/p><h2><strong>Kolmansien osapuolten linkit ja tietojen k\u00e4ytt\u00f6:<\/strong><\/h2><p>Palvelumme voi sis\u00e4lt\u00e4\u00e4 linkkej\u00e4 muille verkkosivustoille, joita me emme hallinnoi. T\u00e4m\u00e4 tietosuojaseloste ei koske kolmansien osapuolten tietosuojak\u00e4yt\u00e4nt\u00f6j\u00e4 tai muita k\u00e4yt\u00e4nt\u00f6j\u00e4, mukaan lukien kolmannet osapuolet, jotka yll\u00e4pit\u00e4v\u00e4t verkkosivustoja tai palveluita, joihin on linkki Palvelussa. Suosittelemme vahvasti tutustumaan jokaisen vierailemasi sivuston tietosuojaselosteeseen. Emme hallitse emmek\u00e4 ota vastuuta kolmansien osapuolten sivustojen tai palveluiden sis\u00e4ll\u00f6st\u00e4, tietosuojak\u00e4yt\u00e4nn\u00f6ist\u00e4 tai toimintatavoista.<\/p><h2><strong>Valitukset \/ Tietosuojavastaava:<\/strong><\/h2><p>Jos sinulla on kysytt\u00e4v\u00e4\u00e4 tai huolenaiheita hallussamme olevien tietojesi k\u00e4sittelyst\u00e4, voit ottaa yhteytt\u00e4 valitusvastaavaamme: Antti Repo, Kaukoilantie 4, 03100 Nummela, s\u00e4hk\u00f6posti: antti@fincast.fi. K\u00e4sittelemme asiasi sovellettavan lain mukaisesti.<\/p><p><em>Tietosuojaseloste luotu CookieYes-palvelulla.<\/em><\/p><p><!-- \/wp:paragraph --><\/p>\t\t\t\t\t\t\t\t<\/div>\n\t\t\t\t<div class=\"elementor-element elementor-element-3d1cfa0 elementor-widget elementor-widget-spacer\" data-id=\"3d1cfa0\" data-element_type=\"widget\" data-e-type=\"widget\" data-widget_type=\"spacer.default\">\n\t\t\t\t\t\t\t<div class=\"elementor-spacer\">\n\t\t\t<div class=\"elementor-spacer-inner\"><\/div>\n\t\t<\/div>\n\t\t\t\t\t\t<\/div>\n\t\t\t\t\t<\/div>\n\t\t\t\t<\/div>\n\t\t\t\t<\/div>","protected":false},"excerpt":{"rendered":"<p>Tietosuojaseloste P\u00e4ivitetty viimeksi: 30.3.2026 Voimaantulop\u00e4iv\u00e4: 30.3.2026 T\u00e4m\u00e4 tietosuojaseloste kuvaa Fincast Oy:n (Kaukoilantie 4, 03100 Nummela, s\u00e4hk\u00f6posti: antti@fincast.fi, puhelin: +358500653789) k\u00e4yt\u00e4nt\u00f6j\u00e4 koskien tietojen keruuta, k\u00e4ytt\u00f6\u00e4 ja luovuttamista, kun k\u00e4yt\u00e4t verkkosivustoamme ( https:\/\/www.fincast.fi\/\u00a0) (j\u00e4ljemp\u00e4n\u00e4 \u201dPalvelu\u201d). K\u00e4ytt\u00e4m\u00e4ll\u00e4 Palvelua suostut tietojesi keruuseen, k\u00e4ytt\u00f6\u00f6n ja luovuttamiseen t\u00e4m\u00e4n tietosuojaselosteen mukaisesti. Jos&#8230;<\/p>","protected":false},"author":1,"featured_media":0,"parent":0,"menu_order":0,"comment_status":"closed","ping_status":"closed","template":"elementor_header_footer","meta":{"footnotes":""},"class_list":["post-3","page","type-page","status-publish","hentry"],"yoast_head":"<!-- This site is optimized with the Yoast SEO plugin v27.5 - https:\/\/yoast.com\/product\/yoast-seo-wordpress\/ -->\n<title>Tietosuojaseloste | Fincast Oy<\/title>\n<meta name=\"robots\" content=\"index, follow, max-snippet:-1, max-image-preview:large, max-video-preview:-1\" \/>\n<link rel=\"canonical\" href=\"https:\/\/fincast.fi\/sv\/tietosuojaseloste\/\" \/>\n<meta property=\"og:locale\" content=\"sv_SE\" \/>\n<meta property=\"og:type\" content=\"article\" \/>\n<meta property=\"og:title\" content=\"Tietosuojaseloste | Fincast Oy\" \/>\n<meta property=\"og:description\" content=\"Tietosuojaseloste P\u00e4ivitetty viimeksi: 30.3.2026 Voimaantulop\u00e4iv\u00e4: 30.3.2026 T\u00e4m\u00e4 tietosuojaseloste kuvaa Fincast Oy:n (Kaukoilantie 4, 03100 Nummela, s\u00e4hk\u00f6posti: antti@fincast.fi, puhelin: +358500653789) k\u00e4yt\u00e4nt\u00f6j\u00e4 koskien tietojen keruuta, k\u00e4ytt\u00f6\u00e4 ja luovuttamista, kun k\u00e4yt\u00e4t verkkosivustoamme ( https:\/\/www.fincast.fi\/\u00a0) (j\u00e4ljemp\u00e4n\u00e4 \u201dPalvelu\u201d). K\u00e4ytt\u00e4m\u00e4ll\u00e4 Palvelua suostut tietojesi keruuseen, k\u00e4ytt\u00f6\u00f6n ja luovuttamiseen t\u00e4m\u00e4n tietosuojaselosteen mukaisesti. Jos...\" \/>\n<meta property=\"og:url\" content=\"https:\/\/fincast.fi\/sv\/tietosuojaseloste\/\" \/>\n<meta property=\"og:site_name\" content=\"Fincast Oy\" \/>\n<meta property=\"article:modified_time\" content=\"2026-03-30T11:36:08+00:00\" \/>\n<meta property=\"og:image\" content=\"https:\/\/fincast.fi\/wp-content\/uploads\/2026\/03\/Asset-8.png\" \/>\n\t<meta property=\"og:image:width\" content=\"1841\" \/>\n\t<meta property=\"og:image:height\" content=\"1005\" \/>\n\t<meta property=\"og:image:type\" content=\"image\/png\" \/>\n<meta name=\"twitter:card\" content=\"summary_large_image\" \/>\n<meta name=\"twitter:label1\" content=\"Ber\u00e4knad l\u00e4stid\" \/>\n\t<meta name=\"twitter:data1\" content=\"3 minuter\" \/>\n<script type=\"application\/ld+json\" class=\"yoast-schema-graph\">{\"@context\":\"https:\\\/\\\/schema.org\",\"@graph\":[{\"@type\":\"WebPage\",\"@id\":\"https:\\\/\\\/fincast.fi\\\/tietosuojaseloste\\\/\",\"url\":\"https:\\\/\\\/fincast.fi\\\/tietosuojaseloste\\\/\",\"name\":\"Tietosuojaseloste | Fincast Oy\",\"isPartOf\":{\"@id\":\"https:\\\/\\\/fincast.fi\\\/#website\"},\"datePublished\":\"2026-03-16T13:31:48+00:00\",\"dateModified\":\"2026-03-30T11:36:08+00:00\",\"breadcrumb\":{\"@id\":\"https:\\\/\\\/fincast.fi\\\/tietosuojaseloste\\\/#breadcrumb\"},\"inLanguage\":\"sv-SE\",\"potentialAction\":[{\"@type\":\"ReadAction\",\"target\":[\"https:\\\/\\\/fincast.fi\\\/tietosuojaseloste\\\/\"]}]},{\"@type\":\"BreadcrumbList\",\"@id\":\"https:\\\/\\\/fincast.fi\\\/tietosuojaseloste\\\/#breadcrumb\",\"itemListElement\":[{\"@type\":\"ListItem\",\"position\":1,\"name\":\"Etusivu\",\"item\":\"https:\\\/\\\/fincast.fi\\\/\"},{\"@type\":\"ListItem\",\"position\":2,\"name\":\"Tietosuojaseloste\"}]},{\"@type\":\"WebSite\",\"@id\":\"https:\\\/\\\/fincast.fi\\\/#website\",\"url\":\"https:\\\/\\\/fincast.fi\\\/\",\"name\":\"Fincast Oy\",\"description\":\"Kest\u00e4v\u00e4t porrashuoneet ja parvekkeet\",\"publisher\":{\"@id\":\"https:\\\/\\\/fincast.fi\\\/#organization\"},\"alternateName\":\"Fincast\",\"potentialAction\":[{\"@type\":\"SearchAction\",\"target\":{\"@type\":\"EntryPoint\",\"urlTemplate\":\"https:\\\/\\\/fincast.fi\\\/?s={search_term_string}\"},\"query-input\":{\"@type\":\"PropertyValueSpecification\",\"valueRequired\":true,\"valueName\":\"search_term_string\"}}],\"inLanguage\":\"sv-SE\"},{\"@type\":\"Organization\",\"@id\":\"https:\\\/\\\/fincast.fi\\\/#organization\",\"name\":\"Fincast Oy\",\"alternateName\":\"Fincast\",\"url\":\"https:\\\/\\\/fincast.fi\\\/\",\"logo\":{\"@type\":\"ImageObject\",\"inLanguage\":\"sv-SE\",\"@id\":\"https:\\\/\\\/fincast.fi\\\/#\\\/schema\\\/logo\\\/image\\\/\",\"url\":\"https:\\\/\\\/fincast.fi\\\/wp-content\\\/uploads\\\/2026\\\/03\\\/fincast-linkedin-1-scaled.png\",\"contentUrl\":\"https:\\\/\\\/fincast.fi\\\/wp-content\\\/uploads\\\/2026\\\/03\\\/fincast-linkedin-1-scaled.png\",\"width\":2560,\"height\":2560,\"caption\":\"Fincast Oy\"},\"image\":{\"@id\":\"https:\\\/\\\/fincast.fi\\\/#\\\/schema\\\/logo\\\/image\\\/\"},\"sameAs\":[\"https:\\\/\\\/www.linkedin.com\\\/company\\\/fincastoy\"]}]}<\/script>\n<!-- \/ Yoast SEO plugin. -->","yoast_head_json":{"title":"Tietosuojaseloste | Fincast Oy","robots":{"index":"index","follow":"follow","max-snippet":"max-snippet:-1","max-image-preview":"max-image-preview:large","max-video-preview":"max-video-preview:-1"},"canonical":"https:\/\/fincast.fi\/sv\/tietosuojaseloste\/","og_locale":"sv_SE","og_type":"article","og_title":"Tietosuojaseloste | Fincast Oy","og_description":"Tietosuojaseloste P\u00e4ivitetty viimeksi: 30.3.2026 Voimaantulop\u00e4iv\u00e4: 30.3.2026 T\u00e4m\u00e4 tietosuojaseloste kuvaa Fincast Oy:n (Kaukoilantie 4, 03100 Nummela, s\u00e4hk\u00f6posti: antti@fincast.fi, puhelin: +358500653789) k\u00e4yt\u00e4nt\u00f6j\u00e4 koskien tietojen keruuta, k\u00e4ytt\u00f6\u00e4 ja luovuttamista, kun k\u00e4yt\u00e4t verkkosivustoamme ( https:\/\/www.fincast.fi\/\u00a0) (j\u00e4ljemp\u00e4n\u00e4 \u201dPalvelu\u201d). K\u00e4ytt\u00e4m\u00e4ll\u00e4 Palvelua suostut tietojesi keruuseen, k\u00e4ytt\u00f6\u00f6n ja luovuttamiseen t\u00e4m\u00e4n tietosuojaselosteen mukaisesti. Jos...","og_url":"https:\/\/fincast.fi\/sv\/tietosuojaseloste\/","og_site_name":"Fincast Oy","article_modified_time":"2026-03-30T11:36:08+00:00","og_image":[{"width":1841,"height":1005,"url":"https:\/\/fincast.fi\/wp-content\/uploads\/2026\/03\/Asset-8.png","type":"image\/png"}],"twitter_card":"summary_large_image","twitter_misc":{"Ber\u00e4knad l\u00e4stid":"3 minuter"},"schema":{"@context":"https:\/\/schema.org","@graph":[{"@type":"WebPage","@id":"https:\/\/fincast.fi\/tietosuojaseloste\/","url":"https:\/\/fincast.fi\/tietosuojaseloste\/","name":"Tietosuojaseloste | Fincast Oy","isPartOf":{"@id":"https:\/\/fincast.fi\/#website"},"datePublished":"2026-03-16T13:31:48+00:00","dateModified":"2026-03-30T11:36:08+00:00","breadcrumb":{"@id":"https:\/\/fincast.fi\/tietosuojaseloste\/#breadcrumb"},"inLanguage":"sv-SE","potentialAction":[{"@type":"ReadAction","target":["https:\/\/fincast.fi\/tietosuojaseloste\/"]}]},{"@type":"BreadcrumbList","@id":"https:\/\/fincast.fi\/tietosuojaseloste\/#breadcrumb","itemListElement":[{"@type":"ListItem","position":1,"name":"Etusivu","item":"https:\/\/fincast.fi\/"},{"@type":"ListItem","position":2,"name":"Tietosuojaseloste"}]},{"@type":"WebSite","@id":"https:\/\/fincast.fi\/#website","url":"https:\/\/fincast.fi\/","name":"Fincast Oy","description":"Kest\u00e4v\u00e4t porrashuoneet ja parvekkeet","publisher":{"@id":"https:\/\/fincast.fi\/#organization"},"alternateName":"Fincast","potentialAction":[{"@type":"SearchAction","target":{"@type":"EntryPoint","urlTemplate":"https:\/\/fincast.fi\/?s={search_term_string}"},"query-input":{"@type":"PropertyValueSpecification","valueRequired":true,"valueName":"search_term_string"}}],"inLanguage":"sv-SE"},{"@type":"Organization","@id":"https:\/\/fincast.fi\/#organization","name":"Fincast Oy","alternateName":"Fincast","url":"https:\/\/fincast.fi\/","logo":{"@type":"ImageObject","inLanguage":"sv-SE","@id":"https:\/\/fincast.fi\/#\/schema\/logo\/image\/","url":"https:\/\/fincast.fi\/wp-content\/uploads\/2026\/03\/fincast-linkedin-1-scaled.png","contentUrl":"https:\/\/fincast.fi\/wp-content\/uploads\/2026\/03\/fincast-linkedin-1-scaled.png","width":2560,"height":2560,"caption":"Fincast Oy"},"image":{"@id":"https:\/\/fincast.fi\/#\/schema\/logo\/image\/"},"sameAs":["https:\/\/www.linkedin.com\/company\/fincastoy"]}]}},"_links":{"self":[{"href":"https:\/\/fincast.fi\/sv\/wp-json\/wp\/v2\/pages\/3","targetHints":{"allow":["GET"]}}],"collection":[{"href":"https:\/\/fincast.fi\/sv\/wp-json\/wp\/v2\/pages"}],"about":[{"href":"https:\/\/fincast.fi\/sv\/wp-json\/wp\/v2\/types\/page"}],"author":[{"embeddable":true,"href":"https:\/\/fincast.fi\/sv\/wp-json\/wp\/v2\/users\/1"}],"replies":[{"embeddable":true,"href":"https:\/\/fincast.fi\/sv\/wp-json\/wp\/v2\/comments?post=3"}],"version-history":[{"count":8,"href":"https:\/\/fincast.fi\/sv\/wp-json\/wp\/v2\/pages\/3\/revisions"}],"predecessor-version":[{"id":15953,"href":"https:\/\/fincast.fi\/sv\/wp-json\/wp\/v2\/pages\/3\/revisions\/15953"}],"wp:attachment":[{"href":"https:\/\/fincast.fi\/sv\/wp-json\/wp\/v2\/media?parent=3"}],"curies":[{"name":"wp","href":"https:\/\/api.w.org\/{rel}","templated":true}]}}