{"id":15942,"date":"2026-03-30T10:42:57","date_gmt":"2026-03-30T10:42:57","guid":{"rendered":"https:\/\/fincast.fi\/?page_id=15942"},"modified":"2026-03-30T10:48:43","modified_gmt":"2026-03-30T10:48:43","slug":"evastekaytannot","status":"publish","type":"page","link":"https:\/\/fincast.fi\/sv\/evastekaytannot\/","title":{"rendered":"Cookiepolicy"},"content":{"rendered":"<div data-elementor-type=\"wp-page\" data-elementor-id=\"15942\" class=\"elementor elementor-15942\">\n\t\t\t\t<div class=\"elementor-element elementor-element-8db2c2b e-flex e-con-boxed parallax_section_no qode_elementor_container_no e-con e-parent\" data-id=\"8db2c2b\" data-element_type=\"container\" data-e-type=\"container\" data-settings=\"{&quot;background_background&quot;:&quot;classic&quot;}\">\n\t\t\t\t\t<div class=\"e-con-inner\">\n\t\t\t\t<div class=\"elementor-element elementor-element-aa0defd elementor-widget elementor-widget-heading\" data-id=\"aa0defd\" data-element_type=\"widget\" data-e-type=\"widget\" data-widget_type=\"heading.default\">\n\t\t\t\t\t<h1 class=\"elementor-heading-title elementor-size-default\">Cookiepolicy<\/h1>\t\t\t\t<\/div>\n\t\t\t\t\t<\/div>\n\t\t\t\t<\/div>\n\t\t<div class=\"elementor-element elementor-element-820945f e-flex e-con-boxed parallax_section_no qode_elementor_container_no e-con e-parent\" data-id=\"820945f\" data-element_type=\"container\" data-e-type=\"container\">\n\t\t\t\t\t<div class=\"e-con-inner\">\n\t\t\t\t<div class=\"elementor-element elementor-element-8c8c8ea elementor-widget elementor-widget-spacer\" data-id=\"8c8c8ea\" data-element_type=\"widget\" data-e-type=\"widget\" data-widget_type=\"spacer.default\">\n\t\t\t\t\t\t\t<div class=\"elementor-spacer\">\n\t\t\t<div class=\"elementor-spacer-inner\"><\/div>\n\t\t<\/div>\n\t\t\t\t\t\t<\/div>\n\t\t\t\t<div class=\"elementor-element elementor-element-20cb9e3 elementor-widget elementor-widget-heading\" data-id=\"20cb9e3\" data-element_type=\"widget\" data-e-type=\"widget\" data-widget_type=\"heading.default\">\n\t\t\t\t\t<h2 class=\"elementor-heading-title elementor-size-default\">Mit\u00e4 ev\u00e4steet ovat?<\/h2>\t\t\t\t<\/div>\n\t\t\t\t<div class=\"elementor-element elementor-element-8dc544b elementor-widget elementor-widget-text-editor\" data-id=\"8dc544b\" data-element_type=\"widget\" data-e-type=\"widget\" data-widget_type=\"text-editor.default\">\n\t\t\t\t\t\t\t\t\t<p>T\u00e4m\u00e4 ev\u00e4stek\u00e4yt\u00e4nt\u00f6 selitt\u00e4\u00e4, mit\u00e4 ev\u00e4steet ovat ja kuinka k\u00e4yt\u00e4mme niit\u00e4, mink\u00e4 tyyppisi\u00e4 ev\u00e4steit\u00e4 k\u00e4yt\u00e4mme eli mit\u00e4 tietoja ker\u00e4\u00e4mme ev\u00e4steiden avulla ja kuinka n\u00e4it\u00e4 tietoja k\u00e4ytet\u00e4\u00e4n sek\u00e4 kuinka ev\u00e4steasetuksia hallitaan.<\/p><p>Ev\u00e4steet ovat pieni\u00e4 tekstitiedostoja, joita k\u00e4ytet\u00e4\u00e4n pienten tietojen tallentamiseen. Ne tallennetaan laitteellesi, kun verkkosivusto ladataan selaimeesi. N\u00e4m\u00e4 ev\u00e4steet auttavat meit\u00e4 saamaan verkkosivuston toimimaan oikein, tekem\u00e4\u00e4n siit\u00e4 turvallisemman, tarjoamaan paremman k\u00e4ytt\u00f6kokemuksen ja ymm\u00e4rt\u00e4m\u00e4\u00e4n, miten verkkosivusto toimii, sek\u00e4 analysoimaan, mik\u00e4 toimii ja miss\u00e4 sit\u00e4 on parannettava.<\/p>\t\t\t\t\t\t\t\t<\/div>\n\t\t\t\t<div class=\"elementor-element elementor-element-2b0c0d5 elementor-widget elementor-widget-heading\" data-id=\"2b0c0d5\" data-element_type=\"widget\" data-e-type=\"widget\" data-widget_type=\"heading.default\">\n\t\t\t\t\t<h2 class=\"elementor-heading-title elementor-size-default\">Kuinka k\u00e4yt\u00e4mme ev\u00e4steit\u00e4?<\/h2>\t\t\t\t<\/div>\n\t\t\t\t<div class=\"elementor-element elementor-element-eea0751 elementor-widget elementor-widget-text-editor\" data-id=\"eea0751\" data-element_type=\"widget\" data-e-type=\"widget\" data-widget_type=\"text-editor.default\">\n\t\t\t\t\t\t\t\t\t<p>Kuten suurin osa verkkopalveluista, verkkosivustomme k\u00e4ytt\u00e4\u00e4 ensimm\u00e4isen ja kolmannen osapuolen ev\u00e4steit\u00e4 useisiin tarkoituksiin. Ensimm\u00e4isen osapuolen ev\u00e4steet ovat enimm\u00e4kseen v\u00e4ltt\u00e4m\u00e4tt\u00f6mi\u00e4 verkkosivuston toimimiseksi oikein, eiv\u00e4tk\u00e4 ne ker\u00e4\u00e4 henkil\u00f6kohtaisia tunnistetietojasi.<\/p><p>Sivustollamme k\u00e4ytetyt kolmannen osapuolen ev\u00e4steet ovat tarkoitettu p\u00e4\u00e4asiassa ymm\u00e4rt\u00e4m\u00e4\u00e4n, kuinka verkkosivusto toimii, kuinka olet vuorovaikutuksessa verkkosivustomme kanssa, pit\u00e4m\u00e4\u00e4n palvelumme turvassa, tarjoamaan sinulle merkityksellisi\u00e4 mainoksia ja kaiken kaikkiaan tarjoamaan sinulle paremman ja paremman k\u00e4ytt\u00e4j\u00e4n kokemusta ja nopeuttaa tulevaa vuorovaikutustasi verkkosivustomme kanssa.<\/p>\t\t\t\t\t\t\t\t<\/div>\n\t\t\t\t<div class=\"elementor-element elementor-element-0e2174b elementor-widget elementor-widget-heading\" data-id=\"0e2174b\" data-element_type=\"widget\" data-e-type=\"widget\" data-widget_type=\"heading.default\">\n\t\t\t\t\t<h2 class=\"elementor-heading-title elementor-size-default\">K\u00e4ytt\u00e4m\u00e4mme ev\u00e4stetyypit<\/h2>\t\t\t\t<\/div>\n\t\t\t\t<div class=\"elementor-element elementor-element-f38b93e elementor-widget elementor-widget-text-editor\" data-id=\"f38b93e\" data-element_type=\"widget\" data-e-type=\"widget\" data-widget_type=\"text-editor.default\">\n\t\t\t\t\t\t\t\t\t<p><strong>Hallinnoi ev\u00e4steasetuksia:<\/strong><\/p><p><a class=\"cky-banner-element\">Ev\u00e4steasetukset<\/a><\/p><div><p>Voit muuttaa ev\u00e4steasetuksiasi milloin tahansa napsauttamalla yll\u00e4 olevaa painiketta. N\u00e4in voit palata ev\u00e4steiden suostumusbanneriin ja muuttaa asetuksiasi tai peruuttaa suostumuksesi v\u00e4litt\u00f6m\u00e4sti.<\/p><p>T\u00e4m\u00e4n lis\u00e4ksi eri selaimet tarjoavat erilaisia tapoja est\u00e4\u00e4 ja poistaa verkkosivustojen k\u00e4ytt\u00e4mi\u00e4 ev\u00e4steit\u00e4. Voit muuttaa selaimesi asetuksia est\u00e4\u00e4ksesi\/poistaaksesi ev\u00e4steet. Alla on linkit tukiasiakirjoihin, jotka koskevat ev\u00e4steiden hallintaa ja poistamista yleisimmist\u00e4 verkkoselaimista.<\/p><p>Chrome: https:\/\/support.google.com\/accounts\/answer\/32050<\/p><p>Safari: https:\/\/support.apple.com\/en-in\/guide\/safari\/sfri11471\/mac<\/p><p>Firefox: https:\/\/support.mozilla.org\/en-US\/kb\/clear-cookies-and-site-data-firefox?redirectslug=delete-cookies-remove-info-websites-stored&amp;redirectlocale=en-US<\/p><p>Internet Explorer: https:\/\/support.microsoft.com\/en-us\/topic\/how-to-delete-cookie-files-in-internet-explorer-bca9446f-d873-78de-77ba-d42645fa52fc<\/p><p>Jos k\u00e4yt\u00e4t jotain muuta verkkoselainta, k\u00e4y selaimesi virallisissa tukiasiakirjoissa.<\/p><p>Cookie Policy Generated By\u00a0<a href=\"https:\/\/www.cookieyes.com\/?utm_source=CP&amp;utm_medium=footer&amp;utm_campaign=UW\" target=\"_blank\" rel=\"noopener noreferrer\">CookieYes \u2013 Cookie Policy Generator<\/a>.<\/p><\/div>\t\t\t\t\t\t\t\t<\/div>\n\t\t\t\t<div class=\"elementor-element elementor-element-1b6dd10 elementor-widget elementor-widget-spacer\" data-id=\"1b6dd10\" data-element_type=\"widget\" data-e-type=\"widget\" data-widget_type=\"spacer.default\">\n\t\t\t\t\t\t\t<div class=\"elementor-spacer\">\n\t\t\t<div class=\"elementor-spacer-inner\"><\/div>\n\t\t<\/div>\n\t\t\t\t\t\t<\/div>\n\t\t\t\t\t<\/div>\n\t\t\t\t<\/div>\n\t\t\t\t<\/div>","protected":false},"excerpt":{"rendered":"<p>Ev\u00e4stek\u00e4yt\u00e4nn\u00f6t Mit\u00e4 ev\u00e4steet ovat? T\u00e4m\u00e4 ev\u00e4stek\u00e4yt\u00e4nt\u00f6 selitt\u00e4\u00e4, mit\u00e4 ev\u00e4steet ovat ja kuinka k\u00e4yt\u00e4mme niit\u00e4, mink\u00e4 tyyppisi\u00e4 ev\u00e4steit\u00e4 k\u00e4yt\u00e4mme eli mit\u00e4 tietoja ker\u00e4\u00e4mme ev\u00e4steiden avulla ja kuinka n\u00e4it\u00e4 tietoja k\u00e4ytet\u00e4\u00e4n sek\u00e4 kuinka ev\u00e4steasetuksia hallitaan. Ev\u00e4steet ovat pieni\u00e4 tekstitiedostoja, joita k\u00e4ytet\u00e4\u00e4n pienten tietojen tallentamiseen. Ne tallennetaan laitteellesi,&#8230;<\/p>","protected":false},"author":1,"featured_media":0,"parent":0,"menu_order":0,"comment_status":"closed","ping_status":"closed","template":"elementor_header_footer","meta":{"footnotes":""},"class_list":["post-15942","page","type-page","status-publish","hentry"],"yoast_head":"<!-- This site is optimized with the Yoast SEO plugin v27.5 - https:\/\/yoast.com\/product\/yoast-seo-wordpress\/ -->\n<title>Ev\u00e4stek\u00e4yt\u00e4nn\u00f6t | Fincast Oy<\/title>\n<meta name=\"robots\" content=\"index, follow, max-snippet:-1, max-image-preview:large, max-video-preview:-1\" \/>\n<link rel=\"canonical\" href=\"https:\/\/fincast.fi\/sv\/evastekaytannot\/\" \/>\n<meta property=\"og:locale\" content=\"sv_SE\" \/>\n<meta property=\"og:type\" content=\"article\" \/>\n<meta property=\"og:title\" content=\"Ev\u00e4stek\u00e4yt\u00e4nn\u00f6t | Fincast Oy\" \/>\n<meta property=\"og:description\" content=\"Ev\u00e4stek\u00e4yt\u00e4nn\u00f6t Mit\u00e4 ev\u00e4steet ovat? T\u00e4m\u00e4 ev\u00e4stek\u00e4yt\u00e4nt\u00f6 selitt\u00e4\u00e4, mit\u00e4 ev\u00e4steet ovat ja kuinka k\u00e4yt\u00e4mme niit\u00e4, mink\u00e4 tyyppisi\u00e4 ev\u00e4steit\u00e4 k\u00e4yt\u00e4mme eli mit\u00e4 tietoja ker\u00e4\u00e4mme ev\u00e4steiden avulla ja kuinka n\u00e4it\u00e4 tietoja k\u00e4ytet\u00e4\u00e4n sek\u00e4 kuinka ev\u00e4steasetuksia hallitaan. Ev\u00e4steet ovat pieni\u00e4 tekstitiedostoja, joita k\u00e4ytet\u00e4\u00e4n pienten tietojen tallentamiseen. Ne tallennetaan laitteellesi,...\" \/>\n<meta property=\"og:url\" content=\"https:\/\/fincast.fi\/sv\/evastekaytannot\/\" \/>\n<meta property=\"og:site_name\" content=\"Fincast Oy\" \/>\n<meta property=\"article:modified_time\" content=\"2026-03-30T10:48:43+00:00\" \/>\n<meta property=\"og:image\" content=\"https:\/\/fincast.fi\/wp-content\/uploads\/2026\/03\/Asset-8.png\" \/>\n\t<meta property=\"og:image:width\" content=\"1841\" \/>\n\t<meta property=\"og:image:height\" content=\"1005\" \/>\n\t<meta property=\"og:image:type\" content=\"image\/png\" \/>\n<meta name=\"twitter:card\" content=\"summary_large_image\" \/>\n<meta name=\"twitter:label1\" content=\"Ber\u00e4knad l\u00e4stid\" \/>\n\t<meta name=\"twitter:data1\" content=\"2 minuter\" \/>\n<script type=\"application\/ld+json\" class=\"yoast-schema-graph\">{\"@context\":\"https:\\\/\\\/schema.org\",\"@graph\":[{\"@type\":\"WebPage\",\"@id\":\"https:\\\/\\\/fincast.fi\\\/evastekaytannot\\\/\",\"url\":\"https:\\\/\\\/fincast.fi\\\/evastekaytannot\\\/\",\"name\":\"Ev\u00e4stek\u00e4yt\u00e4nn\u00f6t | Fincast Oy\",\"isPartOf\":{\"@id\":\"https:\\\/\\\/fincast.fi\\\/#website\"},\"datePublished\":\"2026-03-30T10:42:57+00:00\",\"dateModified\":\"2026-03-30T10:48:43+00:00\",\"breadcrumb\":{\"@id\":\"https:\\\/\\\/fincast.fi\\\/evastekaytannot\\\/#breadcrumb\"},\"inLanguage\":\"sv-SE\",\"potentialAction\":[{\"@type\":\"ReadAction\",\"target\":[\"https:\\\/\\\/fincast.fi\\\/evastekaytannot\\\/\"]}]},{\"@type\":\"BreadcrumbList\",\"@id\":\"https:\\\/\\\/fincast.fi\\\/evastekaytannot\\\/#breadcrumb\",\"itemListElement\":[{\"@type\":\"ListItem\",\"position\":1,\"name\":\"Etusivu\",\"item\":\"https:\\\/\\\/fincast.fi\\\/\"},{\"@type\":\"ListItem\",\"position\":2,\"name\":\"Ev\u00e4stek\u00e4yt\u00e4nn\u00f6t\"}]},{\"@type\":\"WebSite\",\"@id\":\"https:\\\/\\\/fincast.fi\\\/#website\",\"url\":\"https:\\\/\\\/fincast.fi\\\/\",\"name\":\"Fincast Oy\",\"description\":\"Kest\u00e4v\u00e4t porrashuoneet ja parvekkeet\",\"publisher\":{\"@id\":\"https:\\\/\\\/fincast.fi\\\/#organization\"},\"alternateName\":\"Fincast\",\"potentialAction\":[{\"@type\":\"SearchAction\",\"target\":{\"@type\":\"EntryPoint\",\"urlTemplate\":\"https:\\\/\\\/fincast.fi\\\/?s={search_term_string}\"},\"query-input\":{\"@type\":\"PropertyValueSpecification\",\"valueRequired\":true,\"valueName\":\"search_term_string\"}}],\"inLanguage\":\"sv-SE\"},{\"@type\":\"Organization\",\"@id\":\"https:\\\/\\\/fincast.fi\\\/#organization\",\"name\":\"Fincast Oy\",\"alternateName\":\"Fincast\",\"url\":\"https:\\\/\\\/fincast.fi\\\/\",\"logo\":{\"@type\":\"ImageObject\",\"inLanguage\":\"sv-SE\",\"@id\":\"https:\\\/\\\/fincast.fi\\\/#\\\/schema\\\/logo\\\/image\\\/\",\"url\":\"https:\\\/\\\/fincast.fi\\\/wp-content\\\/uploads\\\/2026\\\/03\\\/fincast-linkedin-1-scaled.png\",\"contentUrl\":\"https:\\\/\\\/fincast.fi\\\/wp-content\\\/uploads\\\/2026\\\/03\\\/fincast-linkedin-1-scaled.png\",\"width\":2560,\"height\":2560,\"caption\":\"Fincast Oy\"},\"image\":{\"@id\":\"https:\\\/\\\/fincast.fi\\\/#\\\/schema\\\/logo\\\/image\\\/\"},\"sameAs\":[\"https:\\\/\\\/www.linkedin.com\\\/company\\\/fincastoy\"]}]}<\/script>\n<!-- \/ Yoast SEO plugin. -->","yoast_head_json":{"title":"Ev\u00e4stek\u00e4yt\u00e4nn\u00f6t | Fincast Oy","robots":{"index":"index","follow":"follow","max-snippet":"max-snippet:-1","max-image-preview":"max-image-preview:large","max-video-preview":"max-video-preview:-1"},"canonical":"https:\/\/fincast.fi\/sv\/evastekaytannot\/","og_locale":"sv_SE","og_type":"article","og_title":"Ev\u00e4stek\u00e4yt\u00e4nn\u00f6t | Fincast Oy","og_description":"Ev\u00e4stek\u00e4yt\u00e4nn\u00f6t Mit\u00e4 ev\u00e4steet ovat? T\u00e4m\u00e4 ev\u00e4stek\u00e4yt\u00e4nt\u00f6 selitt\u00e4\u00e4, mit\u00e4 ev\u00e4steet ovat ja kuinka k\u00e4yt\u00e4mme niit\u00e4, mink\u00e4 tyyppisi\u00e4 ev\u00e4steit\u00e4 k\u00e4yt\u00e4mme eli mit\u00e4 tietoja ker\u00e4\u00e4mme ev\u00e4steiden avulla ja kuinka n\u00e4it\u00e4 tietoja k\u00e4ytet\u00e4\u00e4n sek\u00e4 kuinka ev\u00e4steasetuksia hallitaan. Ev\u00e4steet ovat pieni\u00e4 tekstitiedostoja, joita k\u00e4ytet\u00e4\u00e4n pienten tietojen tallentamiseen. Ne tallennetaan laitteellesi,...","og_url":"https:\/\/fincast.fi\/sv\/evastekaytannot\/","og_site_name":"Fincast Oy","article_modified_time":"2026-03-30T10:48:43+00:00","og_image":[{"width":1841,"height":1005,"url":"https:\/\/fincast.fi\/wp-content\/uploads\/2026\/03\/Asset-8.png","type":"image\/png"}],"twitter_card":"summary_large_image","twitter_misc":{"Ber\u00e4knad l\u00e4stid":"2 minuter"},"schema":{"@context":"https:\/\/schema.org","@graph":[{"@type":"WebPage","@id":"https:\/\/fincast.fi\/evastekaytannot\/","url":"https:\/\/fincast.fi\/evastekaytannot\/","name":"Ev\u00e4stek\u00e4yt\u00e4nn\u00f6t | Fincast Oy","isPartOf":{"@id":"https:\/\/fincast.fi\/#website"},"datePublished":"2026-03-30T10:42:57+00:00","dateModified":"2026-03-30T10:48:43+00:00","breadcrumb":{"@id":"https:\/\/fincast.fi\/evastekaytannot\/#breadcrumb"},"inLanguage":"sv-SE","potentialAction":[{"@type":"ReadAction","target":["https:\/\/fincast.fi\/evastekaytannot\/"]}]},{"@type":"BreadcrumbList","@id":"https:\/\/fincast.fi\/evastekaytannot\/#breadcrumb","itemListElement":[{"@type":"ListItem","position":1,"name":"Etusivu","item":"https:\/\/fincast.fi\/"},{"@type":"ListItem","position":2,"name":"Ev\u00e4stek\u00e4yt\u00e4nn\u00f6t"}]},{"@type":"WebSite","@id":"https:\/\/fincast.fi\/#website","url":"https:\/\/fincast.fi\/","name":"Fincast Oy","description":"Kest\u00e4v\u00e4t porrashuoneet ja parvekkeet","publisher":{"@id":"https:\/\/fincast.fi\/#organization"},"alternateName":"Fincast","potentialAction":[{"@type":"SearchAction","target":{"@type":"EntryPoint","urlTemplate":"https:\/\/fincast.fi\/?s={search_term_string}"},"query-input":{"@type":"PropertyValueSpecification","valueRequired":true,"valueName":"search_term_string"}}],"inLanguage":"sv-SE"},{"@type":"Organization","@id":"https:\/\/fincast.fi\/#organization","name":"Fincast Oy","alternateName":"Fincast","url":"https:\/\/fincast.fi\/","logo":{"@type":"ImageObject","inLanguage":"sv-SE","@id":"https:\/\/fincast.fi\/#\/schema\/logo\/image\/","url":"https:\/\/fincast.fi\/wp-content\/uploads\/2026\/03\/fincast-linkedin-1-scaled.png","contentUrl":"https:\/\/fincast.fi\/wp-content\/uploads\/2026\/03\/fincast-linkedin-1-scaled.png","width":2560,"height":2560,"caption":"Fincast Oy"},"image":{"@id":"https:\/\/fincast.fi\/#\/schema\/logo\/image\/"},"sameAs":["https:\/\/www.linkedin.com\/company\/fincastoy"]}]}},"_links":{"self":[{"href":"https:\/\/fincast.fi\/sv\/wp-json\/wp\/v2\/pages\/15942","targetHints":{"allow":["GET"]}}],"collection":[{"href":"https:\/\/fincast.fi\/sv\/wp-json\/wp\/v2\/pages"}],"about":[{"href":"https:\/\/fincast.fi\/sv\/wp-json\/wp\/v2\/types\/page"}],"author":[{"embeddable":true,"href":"https:\/\/fincast.fi\/sv\/wp-json\/wp\/v2\/users\/1"}],"replies":[{"embeddable":true,"href":"https:\/\/fincast.fi\/sv\/wp-json\/wp\/v2\/comments?post=15942"}],"version-history":[{"count":4,"href":"https:\/\/fincast.fi\/sv\/wp-json\/wp\/v2\/pages\/15942\/revisions"}],"predecessor-version":[{"id":15946,"href":"https:\/\/fincast.fi\/sv\/wp-json\/wp\/v2\/pages\/15942\/revisions\/15946"}],"wp:attachment":[{"href":"https:\/\/fincast.fi\/sv\/wp-json\/wp\/v2\/media?parent=15942"}],"curies":[{"name":"wp","href":"https:\/\/api.w.org\/{rel}","templated":true}]}}