{"id":15683,"date":"2026-03-24T08:39:20","date_gmt":"2026-03-24T08:39:20","guid":{"rendered":"https:\/\/fincast.fi\/?page_id=15683"},"modified":"2026-04-01T10:37:28","modified_gmt":"2026-04-01T10:37:28","slug":"ratkaisut","status":"publish","type":"page","link":"https:\/\/fincast.fi\/sv\/ratkaisut\/","title":{"rendered":"L\u00f6sningar"},"content":{"rendered":"<div data-elementor-type=\"wp-page\" data-elementor-id=\"15683\" class=\"elementor elementor-15683\">\n\t\t\t\t<div class=\"elementor-element elementor-element-0ab2d10 e-flex e-con-boxed parallax_section_no qode_elementor_container_no e-con e-parent\" data-id=\"0ab2d10\" data-element_type=\"container\" data-e-type=\"container\" data-settings=\"{&quot;background_background&quot;:&quot;classic&quot;}\">\n\t\t\t\t\t<div class=\"e-con-inner\">\n\t\t\t\t<div class=\"elementor-element elementor-element-aa75b75 elementor-widget elementor-widget-heading\" data-id=\"aa75b75\" data-element_type=\"widget\" data-e-type=\"widget\" data-widget_type=\"heading.default\">\n\t\t\t\t\t<h1 class=\"elementor-heading-title elementor-size-default\">L\u00f6sningar<\/h1>\t\t\t\t<\/div>\n\t\t\t\t\t<\/div>\n\t\t\t\t<\/div>\n\t\t<div class=\"elementor-element elementor-element-0a7a777 e-flex e-con-boxed parallax_section_no qode_elementor_container_no e-con e-parent\" data-id=\"0a7a777\" data-element_type=\"container\" data-e-type=\"container\">\n\t\t\t\t\t<div class=\"e-con-inner\">\n\t\t\t\t<div class=\"elementor-element elementor-element-fe7ef22 elementor-widget elementor-widget-spacer\" data-id=\"fe7ef22\" data-element_type=\"widget\" data-e-type=\"widget\" data-widget_type=\"spacer.default\">\n\t\t\t\t\t\t\t<div class=\"elementor-spacer\">\n\t\t\t<div class=\"elementor-spacer-inner\"><\/div>\n\t\t<\/div>\n\t\t\t\t\t\t<\/div>\n\t\t<div class=\"elementor-element elementor-element-4836a62 e-con-full e-flex parallax_section_no qode_elementor_container_no e-con e-child\" data-id=\"4836a62\" data-element_type=\"container\" data-e-type=\"container\">\n\t\t<div class=\"elementor-element elementor-element-8037330 e-con-full e-flex parallax_section_no qode_elementor_container_no e-con e-child\" data-id=\"8037330\" data-element_type=\"container\" data-e-type=\"container\" data-settings=\"{&quot;background_background&quot;:&quot;classic&quot;}\">\n\t\t\t\t<div class=\"elementor-element elementor-element-3cf6a18 elementor-widget elementor-widget-heading\" data-id=\"3cf6a18\" data-element_type=\"widget\" data-e-type=\"widget\" data-widget_type=\"heading.default\">\n\t\t\t\t\t<h2 class=\"elementor-heading-title elementor-size-default\">Vi tillverkar<\/h2>\t\t\t\t<\/div>\n\t\t\t\t<div class=\"elementor-element elementor-element-ad5c9dc elementor-icon-list--layout-traditional elementor-list-item-link-full_width elementor-widget elementor-widget-icon-list\" data-id=\"ad5c9dc\" data-element_type=\"widget\" data-e-type=\"widget\" data-widget_type=\"icon-list.default\">\n\t\t\t\t\t\t\t<ul class=\"elementor-icon-list-items\">\n\t\t\t\t\t\t\t<li class=\"elementor-icon-list-item\">\n\t\t\t\t\t\t\t\t\t\t\t<span class=\"elementor-icon-list-icon\">\n\t\t\t\t\t\t\t<svg aria-hidden=\"true\" class=\"e-font-icon-svg e-fas-chevron-right\" viewbox=\"0 0 320 512\" xmlns=\"http:\/\/www.w3.org\/2000\/svg\"><path d=\"M285.476 272.971L91.132 467.314c-9.373 9.373-24.569 9.373-33.941 0l-22.667-22.667c-9.357-9.357-9.375-24.522-.04-33.901L188.505 256 34.484 101.255c-9.335-9.379-9.317-24.544.04-33.901l22.667-22.667c9.373-9.373 24.569-9.373 33.941 0L285.475 239.03c9.373 9.372 9.373 24.568.001 33.941z\"><\/path><\/svg>\t\t\t\t\t\t<\/span>\n\t\t\t\t\t\t\t\t\t\t<span class=\"elementor-icon-list-text\">Betontrapp-elementer<\/span>\n\t\t\t\t\t\t\t\t\t<\/li>\n\t\t\t\t\t\t\t\t<li class=\"elementor-icon-list-item\">\n\t\t\t\t\t\t\t\t\t\t\t<span class=\"elementor-icon-list-icon\">\n\t\t\t\t\t\t\t<svg aria-hidden=\"true\" class=\"e-font-icon-svg e-fas-chevron-right\" viewbox=\"0 0 320 512\" xmlns=\"http:\/\/www.w3.org\/2000\/svg\"><path d=\"M285.476 272.971L91.132 467.314c-9.373 9.373-24.569 9.373-33.941 0l-22.667-22.667c-9.357-9.357-9.375-24.522-.04-33.901L188.505 256 34.484 101.255c-9.335-9.379-9.317-24.544.04-33.901l22.667-22.667c9.373-9.373 24.569-9.373 33.941 0L285.475 239.03c9.373 9.372 9.373 24.568.001 33.941z\"><\/path><\/svg>\t\t\t\t\t\t<\/span>\n\t\t\t\t\t\t\t\t\t\t<span class=\"elementor-icon-list-text\">Trapp- och viloplattor<\/span>\n\t\t\t\t\t\t\t\t\t<\/li>\n\t\t\t\t\t\t\t\t<li class=\"elementor-icon-list-item\">\n\t\t\t\t\t\t\t\t\t\t\t<span class=\"elementor-icon-list-icon\">\n\t\t\t\t\t\t\t<svg aria-hidden=\"true\" class=\"e-font-icon-svg e-fas-chevron-right\" viewbox=\"0 0 320 512\" xmlns=\"http:\/\/www.w3.org\/2000\/svg\"><path d=\"M285.476 272.971L91.132 467.314c-9.373 9.373-24.569 9.373-33.941 0l-22.667-22.667c-9.357-9.357-9.375-24.522-.04-33.901L188.505 256 34.484 101.255c-9.335-9.379-9.317-24.544.04-33.901l22.667-22.667c9.373-9.373 24.569-9.373 33.941 0L285.475 239.03c9.373 9.372 9.373 24.568.001 33.941z\"><\/path><\/svg>\t\t\t\t\t\t<\/span>\n\t\t\t\t\t\t\t\t\t\t<span class=\"elementor-icon-list-text\">Hiss-schaktv\u00e4ggselement<\/span>\n\t\t\t\t\t\t\t\t\t<\/li>\n\t\t\t\t\t\t\t\t<li class=\"elementor-icon-list-item\">\n\t\t\t\t\t\t\t\t\t\t\t<span class=\"elementor-icon-list-icon\">\n\t\t\t\t\t\t\t<svg aria-hidden=\"true\" class=\"e-font-icon-svg e-fas-chevron-right\" viewbox=\"0 0 320 512\" xmlns=\"http:\/\/www.w3.org\/2000\/svg\"><path d=\"M285.476 272.971L91.132 467.314c-9.373 9.373-24.569 9.373-33.941 0l-22.667-22.667c-9.357-9.357-9.375-24.522-.04-33.901L188.505 256 34.484 101.255c-9.335-9.379-9.317-24.544.04-33.901l22.667-22.667c9.373-9.373 24.569-9.373 33.941 0L285.475 239.03c9.373 9.372 9.373 24.568.001 33.941z\"><\/path><\/svg>\t\t\t\t\t\t<\/span>\n\t\t\t\t\t\t\t\t\t\t<span class=\"elementor-icon-list-text\">Balkong-elementer<\/span>\n\t\t\t\t\t\t\t\t\t<\/li>\n\t\t\t\t\t\t\t\t<li class=\"elementor-icon-list-item\">\n\t\t\t\t\t\t\t\t\t\t\t<span class=\"elementor-icon-list-icon\">\n\t\t\t\t\t\t\t<svg aria-hidden=\"true\" class=\"e-font-icon-svg e-fas-chevron-right\" viewbox=\"0 0 320 512\" xmlns=\"http:\/\/www.w3.org\/2000\/svg\"><path d=\"M285.476 272.971L91.132 467.314c-9.373 9.373-24.569 9.373-33.941 0l-22.667-22.667c-9.357-9.357-9.375-24.522-.04-33.901L188.505 256 34.484 101.255c-9.335-9.379-9.317-24.544.04-33.901l22.667-22.667c9.373-9.373 24.569-9.373 33.941 0L285.475 239.03c9.373 9.372 9.373 24.568.001 33.941z\"><\/path><\/svg>\t\t\t\t\t\t<\/span>\n\t\t\t\t\t\t\t\t\t\t<span class=\"elementor-icon-list-text\">Plattor, h\u00f6rn och pelare<\/span>\n\t\t\t\t\t\t\t\t\t<\/li>\n\t\t\t\t\t\t<\/ul>\n\t\t\t\t\t\t<\/div>\n\t\t\t\t<\/div>\n\t\t<div class=\"elementor-element elementor-element-956996d e-con-full e-flex parallax_section_no qode_elementor_container_no e-con e-child\" data-id=\"956996d\" data-element_type=\"container\" data-e-type=\"container\" data-settings=\"{&quot;background_background&quot;:&quot;classic&quot;}\">\n\t\t\t\t<div class=\"elementor-element elementor-element-d9c0627 elementor-widget elementor-widget-heading\" data-id=\"d9c0627\" data-element_type=\"widget\" data-e-type=\"widget\" data-widget_type=\"heading.default\">\n\t\t\t\t\t<h2 class=\"elementor-heading-title elementor-size-default\">Vi levererar<\/h2>\t\t\t\t<\/div>\n\t\t\t\t<div class=\"elementor-element elementor-element-3e1ede1 elementor-icon-list--layout-traditional elementor-list-item-link-full_width elementor-widget elementor-widget-icon-list\" data-id=\"3e1ede1\" data-element_type=\"widget\" data-e-type=\"widget\" data-widget_type=\"icon-list.default\">\n\t\t\t\t\t\t\t<ul class=\"elementor-icon-list-items\">\n\t\t\t\t\t\t\t<li class=\"elementor-icon-list-item\">\n\t\t\t\t\t\t\t\t\t\t\t<span class=\"elementor-icon-list-icon\">\n\t\t\t\t\t\t\t<svg aria-hidden=\"true\" class=\"e-font-icon-svg e-fas-chevron-right\" viewbox=\"0 0 320 512\" xmlns=\"http:\/\/www.w3.org\/2000\/svg\"><path d=\"M285.476 272.971L91.132 467.314c-9.373 9.373-24.569 9.373-33.941 0l-22.667-22.667c-9.357-9.357-9.375-24.522-.04-33.901L188.505 256 34.484 101.255c-9.335-9.379-9.317-24.544.04-33.901l22.667-22.667c9.373-9.373 24.569-9.373 33.941 0L285.475 239.03c9.373 9.372 9.373 24.568.001 33.941z\"><\/path><\/svg>\t\t\t\t\t\t<\/span>\n\t\t\t\t\t\t\t\t\t\t<span class=\"elementor-icon-list-text\">Naturstenplattor f\u00f6r inomhus- och utomhusutrymmen<\/span>\n\t\t\t\t\t\t\t\t\t<\/li>\n\t\t\t\t\t\t\t\t<li class=\"elementor-icon-list-item\">\n\t\t\t\t\t\t\t\t\t\t\t<span class=\"elementor-icon-list-icon\">\n\t\t\t\t\t\t\t<svg aria-hidden=\"true\" class=\"e-font-icon-svg e-fas-chevron-right\" viewbox=\"0 0 320 512\" xmlns=\"http:\/\/www.w3.org\/2000\/svg\"><path d=\"M285.476 272.971L91.132 467.314c-9.373 9.373-24.569 9.373-33.941 0l-22.667-22.667c-9.357-9.357-9.375-24.522-.04-33.901L188.505 256 34.484 101.255c-9.335-9.379-9.317-24.544.04-33.901l22.667-22.667c9.373-9.373 24.569-9.373 33.941 0L285.475 239.03c9.373 9.372 9.373 24.568.001 33.941z\"><\/path><\/svg>\t\t\t\t\t\t<\/span>\n\t\t\t\t\t\t\t\t\t\t<span class=\"elementor-icon-list-text\">Natursten f\u00f6r g\u00e5rds- och infrastrukturbyggande<\/span>\n\t\t\t\t\t\t\t\t\t<\/li>\n\t\t\t\t\t\t<\/ul>\n\t\t\t\t\t\t<\/div>\n\t\t\t\t<\/div>\n\t\t<div class=\"elementor-element elementor-element-f0110a3 e-con-full e-flex parallax_section_no qode_elementor_container_no e-con e-child\" data-id=\"f0110a3\" data-element_type=\"container\" data-e-type=\"container\" data-settings=\"{&quot;background_background&quot;:&quot;classic&quot;}\">\n\t\t\t\t<div class=\"elementor-element elementor-element-298a9a2 elementor-widget elementor-widget-heading\" data-id=\"298a9a2\" data-element_type=\"widget\" data-e-type=\"widget\" data-widget_type=\"heading.default\">\n\t\t\t\t\t<h2 class=\"elementor-heading-title elementor-size-default\">Vi utf\u00f6r p\u00e5 byggarbetsplatser<\/h2>\t\t\t\t<\/div>\n\t\t\t\t<div class=\"elementor-element elementor-element-b0f161e elementor-icon-list--layout-traditional elementor-list-item-link-full_width elementor-widget elementor-widget-icon-list\" data-id=\"b0f161e\" data-element_type=\"widget\" data-e-type=\"widget\" data-widget_type=\"icon-list.default\">\n\t\t\t\t\t\t\t<ul class=\"elementor-icon-list-items\">\n\t\t\t\t\t\t\t<li class=\"elementor-icon-list-item\">\n\t\t\t\t\t\t\t\t\t\t\t<span class=\"elementor-icon-list-icon\">\n\t\t\t\t\t\t\t<svg aria-hidden=\"true\" class=\"e-font-icon-svg e-fas-chevron-right\" viewbox=\"0 0 320 512\" xmlns=\"http:\/\/www.w3.org\/2000\/svg\"><path d=\"M285.476 272.971L91.132 467.314c-9.373 9.373-24.569 9.373-33.941 0l-22.667-22.667c-9.357-9.357-9.375-24.522-.04-33.901L188.505 256 34.484 101.255c-9.335-9.379-9.317-24.544.04-33.901l22.667-22.667c9.373-9.373 24.569-9.373 33.941 0L285.475 239.03c9.373 9.372 9.373 24.568.001 33.941z\"><\/path><\/svg>\t\t\t\t\t\t<\/span>\n\t\t\t\t\t\t\t\t\t\t<span class=\"elementor-icon-list-text\">Reparation av betongelement<\/span>\n\t\t\t\t\t\t\t\t\t<\/li>\n\t\t\t\t\t\t\t\t<li class=\"elementor-icon-list-item\">\n\t\t\t\t\t\t\t\t\t\t\t<span class=\"elementor-icon-list-icon\">\n\t\t\t\t\t\t\t<svg aria-hidden=\"true\" class=\"e-font-icon-svg e-fas-chevron-right\" viewbox=\"0 0 320 512\" xmlns=\"http:\/\/www.w3.org\/2000\/svg\"><path d=\"M285.476 272.971L91.132 467.314c-9.373 9.373-24.569 9.373-33.941 0l-22.667-22.667c-9.357-9.357-9.375-24.522-.04-33.901L188.505 256 34.484 101.255c-9.335-9.379-9.317-24.544.04-33.901l22.667-22.667c9.373-9.373 24.569-9.373 33.941 0L285.475 239.03c9.373 9.372 9.373 24.568.001 33.941z\"><\/path><\/svg>\t\t\t\t\t\t<\/span>\n\t\t\t\t\t\t\t\t\t\t<span class=\"elementor-icon-list-text\">Efterbel\u00e4ggning av trappor och trapphus<\/span>\n\t\t\t\t\t\t\t\t\t<\/li>\n\t\t\t\t\t\t<\/ul>\n\t\t\t\t\t\t<\/div>\n\t\t\t\t<\/div>\n\t\t\t\t<\/div>\n\t\t\t\t<div class=\"elementor-element elementor-element-367beb7 elementor-widget elementor-widget-spacer\" data-id=\"367beb7\" data-element_type=\"widget\" data-e-type=\"widget\" data-widget_type=\"spacer.default\">\n\t\t\t\t\t\t\t<div class=\"elementor-spacer\">\n\t\t\t<div class=\"elementor-spacer-inner\"><\/div>\n\t\t<\/div>\n\t\t\t\t\t\t<\/div>\n\t\t<div class=\"elementor-element elementor-element-5e4ecee e-con-full e-flex parallax_section_no qode_elementor_container_no e-con e-child\" data-id=\"5e4ecee\" data-element_type=\"container\" data-e-type=\"container\" data-settings=\"{&quot;background_background&quot;:&quot;classic&quot;}\">\n\t\t<div class=\"elementor-element elementor-element-48454d2 e-con-full e-flex parallax_section_no qode_elementor_container_no e-con e-child\" data-id=\"48454d2\" data-element_type=\"container\" data-e-type=\"container\" data-settings=\"{&quot;animation&quot;:&quot;none&quot;}\">\n\t\t<div class=\"elementor-element elementor-element-2f4cf67 e-con-full e-flex parallax_section_no qode_elementor_container_no e-con e-child\" data-id=\"2f4cf67\" data-element_type=\"container\" data-e-type=\"container\" data-settings=\"{&quot;animation&quot;:&quot;none&quot;}\">\n\t\t\t\t<div class=\"elementor-element elementor-element-dd296da elementor-widget elementor-widget-heading\" data-id=\"dd296da\" data-element_type=\"widget\" data-e-type=\"widget\" data-widget_type=\"heading.default\">\n\t\t\t\t\t<h2 class=\"elementor-heading-title elementor-size-default translation-block\">H\u00e5llbara traprum <br>och balkonger<\/h2>\t\t\t\t<\/div>\n\t\t\t\t<div class=\"elementor-element elementor-element-ff1c6a2 elementor-widget elementor-widget-heading\" data-id=\"ff1c6a2\" data-element_type=\"widget\" data-e-type=\"widget\" data-widget_type=\"heading.default\">\n\t\t\t\t\t<p class=\"elementor-heading-title elementor-size-default\">Omfattande expertis inom betong- och stenbyggnation. Vi tillverkar betongelementer, levererar natursten och utf\u00f6r kr\u00e4vande plattl\u00e4ggnings- och reparationsarbeten direkt p\u00e5 din byggarbetsplats.<\/p>\t\t\t\t<\/div>\n\t\t\t\t<\/div>\n\t\t<div class=\"elementor-element elementor-element-1c70d41 e-con-full e-flex parallax_section_no qode_elementor_container_no e-con e-child\" data-id=\"1c70d41\" data-element_type=\"container\" data-e-type=\"container\">\n\t\t\t\t<div class=\"elementor-element elementor-element-3da4494 elementor-widget elementor-widget-qi_addons_for_elementor_button\" data-id=\"3da4494\" data-element_type=\"widget\" data-e-type=\"widget\" data-widget_type=\"qi_addons_for_elementor_button.default\">\n\t\t\t\t<div class=\"elementor-widget-container\">\n\t\t\t\t\t<a class=\"qodef-shortcode qodef-m qodef-qi-button qodef-html--link qodef-layout--filled qodef-type--standard qodef-size--small qodef-icon--right qodef-hover--icon-move-horizontal-short\" href=\"https:\/\/fincast.fi\/sv\/yhteydet\/\" target=\"_self\">\n\t<span class=\"qodef-m-text\">Kontakta oss<\/span>\n\t\t<span class=\"qodef-m-icon\">\n\t\t<span class=\"qodef-m-icon-inner\">\n\t\t\t<svg aria-hidden=\"true\" class=\"e-font-icon-svg e-fas-chevron-right\" viewbox=\"0 0 320 512\" xmlns=\"http:\/\/www.w3.org\/2000\/svg\"><path d=\"M285.476 272.971L91.132 467.314c-9.373 9.373-24.569 9.373-33.941 0l-22.667-22.667c-9.357-9.357-9.375-24.522-.04-33.901L188.505 256 34.484 101.255c-9.335-9.379-9.317-24.544.04-33.901l22.667-22.667c9.373-9.373 24.569-9.373 33.941 0L285.475 239.03c9.373 9.372 9.373 24.568.001 33.941z\"><\/path><\/svg>\t\t\t\t\t<\/span>\n\t<\/span>\n<\/a>\n\t\t\t\t<\/div>\n\t\t\t\t<\/div>\n\t\t\t\t<\/div>\n\t\t\t\t<\/div>\n\t\t<div class=\"elementor-element elementor-element-7377261 e-con-full elementor-hidden-tablet elementor-hidden-mobile e-flex parallax_section_no qode_elementor_container_no e-con e-child\" data-id=\"7377261\" data-element_type=\"container\" data-e-type=\"container\" data-settings=\"{&quot;animation&quot;:&quot;none&quot;,&quot;background_background&quot;:&quot;classic&quot;}\">\n\t\t\t\t<\/div>\n\t\t\t\t<\/div>\n\t\t\t\t<div class=\"elementor-element elementor-element-e5a806a elementor-widget elementor-widget-spacer\" data-id=\"e5a806a\" data-element_type=\"widget\" data-e-type=\"widget\" data-widget_type=\"spacer.default\">\n\t\t\t\t\t\t\t<div class=\"elementor-spacer\">\n\t\t\t<div class=\"elementor-spacer-inner\"><\/div>\n\t\t<\/div>\n\t\t\t\t\t\t<\/div>\n\t\t\t\t\t<\/div>\n\t\t\t\t<\/div>\n\t\t\t\t<\/div>","protected":false},"excerpt":{"rendered":"<p>Ratkaisut Valmistamme Betoniporraselementit Porras- ja lepotasolaatat Hissikuilun sein\u00e4elementit Parveke-elementit Laatat, pielet ja pilarit Toimitamme Luonnonkivilaatat sis\u00e4- ja ulkotiloihin Luonnonkivet piha- ja infrarakentamiseen Toteutamme ty\u00f6mailla Betonielementtien korjaus Portaiden ja porrask\u00e4yt\u00e4vien j\u00e4lkilaatoitus Kest\u00e4v\u00e4t porrashuoneet ja parvekkeet Kokonaisvaltaista asiantuntijuutta betoni- ja kivirakentamiseen. Valmistamme elementit, toimitamme luonnonkivet ja toteutamme&#8230;<\/p>","protected":false},"author":1,"featured_media":8363,"parent":0,"menu_order":0,"comment_status":"closed","ping_status":"closed","template":"elementor_header_footer","meta":{"footnotes":""},"class_list":["post-15683","page","type-page","status-publish","has-post-thumbnail","hentry"],"yoast_head":"<!-- This site is optimized with the Yoast SEO plugin v27.5 - https:\/\/yoast.com\/product\/yoast-seo-wordpress\/ -->\n<title>Ratkaisut | Valmistus | Toimitus | Toteutus ty\u00f6mailla | Fincast Oy<\/title>\n<meta name=\"description\" content=\"Betoniporras-, hissikuilu- ja parveke-elementtien | Luonnonkivilaatat ja luonnonkivet | Laatoitukset ja korjausty\u00f6t\" \/>\n<meta name=\"robots\" content=\"index, follow, max-snippet:-1, max-image-preview:large, max-video-preview:-1\" \/>\n<link rel=\"canonical\" href=\"https:\/\/fincast.fi\/sv\/ratkaisut\/\" \/>\n<meta property=\"og:locale\" content=\"sv_SE\" \/>\n<meta property=\"og:type\" content=\"article\" \/>\n<meta property=\"og:title\" content=\"Ratkaisut | Valmistus | Toimitus | Toteutus ty\u00f6mailla | Fincast Oy\" \/>\n<meta property=\"og:description\" content=\"Betoniporras-, hissikuilu- ja parveke-elementtien | Luonnonkivilaatat ja luonnonkivet | Laatoitukset ja korjausty\u00f6t\" \/>\n<meta property=\"og:url\" content=\"https:\/\/fincast.fi\/sv\/ratkaisut\/\" \/>\n<meta property=\"og:site_name\" content=\"Fincast Oy\" \/>\n<meta property=\"article:modified_time\" content=\"2026-04-01T10:37:28+00:00\" \/>\n<meta property=\"og:image\" content=\"https:\/\/fincast.fi\/wp-content\/uploads\/2022\/04\/Rev-home1-img1-1.jpg\" \/>\n\t<meta property=\"og:image:width\" content=\"1920\" \/>\n\t<meta property=\"og:image:height\" content=\"1080\" \/>\n\t<meta property=\"og:image:type\" content=\"image\/jpeg\" \/>\n<meta name=\"twitter:card\" content=\"summary_large_image\" \/>\n<meta name=\"twitter:label1\" content=\"Ber\u00e4knad l\u00e4stid\" \/>\n\t<meta name=\"twitter:data1\" content=\"1 minut\" \/>\n<script type=\"application\/ld+json\" class=\"yoast-schema-graph\">{\"@context\":\"https:\\\/\\\/schema.org\",\"@graph\":[{\"@type\":\"WebPage\",\"@id\":\"https:\\\/\\\/fincast.fi\\\/ratkaisut\\\/\",\"url\":\"https:\\\/\\\/fincast.fi\\\/ratkaisut\\\/\",\"name\":\"Ratkaisut | Valmistus | Toimitus | Toteutus ty\u00f6mailla | Fincast Oy\",\"isPartOf\":{\"@id\":\"https:\\\/\\\/fincast.fi\\\/#website\"},\"primaryImageOfPage\":{\"@id\":\"https:\\\/\\\/fincast.fi\\\/ratkaisut\\\/#primaryimage\"},\"image\":{\"@id\":\"https:\\\/\\\/fincast.fi\\\/ratkaisut\\\/#primaryimage\"},\"thumbnailUrl\":\"https:\\\/\\\/fincast.fi\\\/wp-content\\\/uploads\\\/2022\\\/04\\\/Rev-home1-img1-1.jpg\",\"datePublished\":\"2026-03-24T08:39:20+00:00\",\"dateModified\":\"2026-04-01T10:37:28+00:00\",\"description\":\"Betoniporras-, hissikuilu- ja parveke-elementtien | Luonnonkivilaatat ja luonnonkivet | Laatoitukset ja korjausty\u00f6t\",\"breadcrumb\":{\"@id\":\"https:\\\/\\\/fincast.fi\\\/ratkaisut\\\/#breadcrumb\"},\"inLanguage\":\"sv-SE\",\"potentialAction\":[{\"@type\":\"ReadAction\",\"target\":[\"https:\\\/\\\/fincast.fi\\\/ratkaisut\\\/\"]}]},{\"@type\":\"ImageObject\",\"inLanguage\":\"sv-SE\",\"@id\":\"https:\\\/\\\/fincast.fi\\\/ratkaisut\\\/#primaryimage\",\"url\":\"https:\\\/\\\/fincast.fi\\\/wp-content\\\/uploads\\\/2022\\\/04\\\/Rev-home1-img1-1.jpg\",\"contentUrl\":\"https:\\\/\\\/fincast.fi\\\/wp-content\\\/uploads\\\/2022\\\/04\\\/Rev-home1-img1-1.jpg\",\"width\":1920,\"height\":1080,\"caption\":\"s\"},{\"@type\":\"BreadcrumbList\",\"@id\":\"https:\\\/\\\/fincast.fi\\\/ratkaisut\\\/#breadcrumb\",\"itemListElement\":[{\"@type\":\"ListItem\",\"position\":1,\"name\":\"Etusivu\",\"item\":\"https:\\\/\\\/fincast.fi\\\/\"},{\"@type\":\"ListItem\",\"position\":2,\"name\":\"Ratkaisut\"}]},{\"@type\":\"WebSite\",\"@id\":\"https:\\\/\\\/fincast.fi\\\/#website\",\"url\":\"https:\\\/\\\/fincast.fi\\\/\",\"name\":\"Fincast Oy\",\"description\":\"Kest\u00e4v\u00e4t porrashuoneet ja parvekkeet\",\"publisher\":{\"@id\":\"https:\\\/\\\/fincast.fi\\\/#organization\"},\"alternateName\":\"Fincast\",\"potentialAction\":[{\"@type\":\"SearchAction\",\"target\":{\"@type\":\"EntryPoint\",\"urlTemplate\":\"https:\\\/\\\/fincast.fi\\\/?s={search_term_string}\"},\"query-input\":{\"@type\":\"PropertyValueSpecification\",\"valueRequired\":true,\"valueName\":\"search_term_string\"}}],\"inLanguage\":\"sv-SE\"},{\"@type\":\"Organization\",\"@id\":\"https:\\\/\\\/fincast.fi\\\/#organization\",\"name\":\"Fincast Oy\",\"alternateName\":\"Fincast\",\"url\":\"https:\\\/\\\/fincast.fi\\\/\",\"logo\":{\"@type\":\"ImageObject\",\"inLanguage\":\"sv-SE\",\"@id\":\"https:\\\/\\\/fincast.fi\\\/#\\\/schema\\\/logo\\\/image\\\/\",\"url\":\"https:\\\/\\\/fincast.fi\\\/wp-content\\\/uploads\\\/2026\\\/03\\\/fincast-linkedin-1-scaled.png\",\"contentUrl\":\"https:\\\/\\\/fincast.fi\\\/wp-content\\\/uploads\\\/2026\\\/03\\\/fincast-linkedin-1-scaled.png\",\"width\":2560,\"height\":2560,\"caption\":\"Fincast Oy\"},\"image\":{\"@id\":\"https:\\\/\\\/fincast.fi\\\/#\\\/schema\\\/logo\\\/image\\\/\"},\"sameAs\":[\"https:\\\/\\\/www.linkedin.com\\\/company\\\/fincastoy\"]}]}<\/script>\n<!-- \/ Yoast SEO plugin. -->","yoast_head_json":{"title":"Ratkaisut | Valmistus | Toimitus | Toteutus ty\u00f6mailla | Fincast Oy","description":"Betoniporras-, hissikuilu- ja parveke-elementtien | Luonnonkivilaatat ja luonnonkivet | Laatoitukset ja korjausty\u00f6t","robots":{"index":"index","follow":"follow","max-snippet":"max-snippet:-1","max-image-preview":"max-image-preview:large","max-video-preview":"max-video-preview:-1"},"canonical":"https:\/\/fincast.fi\/sv\/ratkaisut\/","og_locale":"sv_SE","og_type":"article","og_title":"Ratkaisut | Valmistus | Toimitus | Toteutus ty\u00f6mailla | Fincast Oy","og_description":"Betoniporras-, hissikuilu- ja parveke-elementtien | Luonnonkivilaatat ja luonnonkivet | Laatoitukset ja korjausty\u00f6t","og_url":"https:\/\/fincast.fi\/sv\/ratkaisut\/","og_site_name":"Fincast Oy","article_modified_time":"2026-04-01T10:37:28+00:00","og_image":[{"width":1920,"height":1080,"url":"https:\/\/fincast.fi\/wp-content\/uploads\/2022\/04\/Rev-home1-img1-1.jpg","type":"image\/jpeg"}],"twitter_card":"summary_large_image","twitter_misc":{"Ber\u00e4knad l\u00e4stid":"1 minut"},"schema":{"@context":"https:\/\/schema.org","@graph":[{"@type":"WebPage","@id":"https:\/\/fincast.fi\/ratkaisut\/","url":"https:\/\/fincast.fi\/ratkaisut\/","name":"Ratkaisut | Valmistus | Toimitus | Toteutus ty\u00f6mailla | Fincast Oy","isPartOf":{"@id":"https:\/\/fincast.fi\/#website"},"primaryImageOfPage":{"@id":"https:\/\/fincast.fi\/ratkaisut\/#primaryimage"},"image":{"@id":"https:\/\/fincast.fi\/ratkaisut\/#primaryimage"},"thumbnailUrl":"https:\/\/fincast.fi\/wp-content\/uploads\/2022\/04\/Rev-home1-img1-1.jpg","datePublished":"2026-03-24T08:39:20+00:00","dateModified":"2026-04-01T10:37:28+00:00","description":"Betoniporras-, hissikuilu- ja parveke-elementtien | Luonnonkivilaatat ja luonnonkivet | Laatoitukset ja korjausty\u00f6t","breadcrumb":{"@id":"https:\/\/fincast.fi\/ratkaisut\/#breadcrumb"},"inLanguage":"sv-SE","potentialAction":[{"@type":"ReadAction","target":["https:\/\/fincast.fi\/ratkaisut\/"]}]},{"@type":"ImageObject","inLanguage":"sv-SE","@id":"https:\/\/fincast.fi\/ratkaisut\/#primaryimage","url":"https:\/\/fincast.fi\/wp-content\/uploads\/2022\/04\/Rev-home1-img1-1.jpg","contentUrl":"https:\/\/fincast.fi\/wp-content\/uploads\/2022\/04\/Rev-home1-img1-1.jpg","width":1920,"height":1080,"caption":"s"},{"@type":"BreadcrumbList","@id":"https:\/\/fincast.fi\/ratkaisut\/#breadcrumb","itemListElement":[{"@type":"ListItem","position":1,"name":"Etusivu","item":"https:\/\/fincast.fi\/"},{"@type":"ListItem","position":2,"name":"Ratkaisut"}]},{"@type":"WebSite","@id":"https:\/\/fincast.fi\/#website","url":"https:\/\/fincast.fi\/","name":"Fincast Oy","description":"Kest\u00e4v\u00e4t porrashuoneet ja parvekkeet","publisher":{"@id":"https:\/\/fincast.fi\/#organization"},"alternateName":"Fincast","potentialAction":[{"@type":"SearchAction","target":{"@type":"EntryPoint","urlTemplate":"https:\/\/fincast.fi\/?s={search_term_string}"},"query-input":{"@type":"PropertyValueSpecification","valueRequired":true,"valueName":"search_term_string"}}],"inLanguage":"sv-SE"},{"@type":"Organization","@id":"https:\/\/fincast.fi\/#organization","name":"Fincast Oy","alternateName":"Fincast","url":"https:\/\/fincast.fi\/","logo":{"@type":"ImageObject","inLanguage":"sv-SE","@id":"https:\/\/fincast.fi\/#\/schema\/logo\/image\/","url":"https:\/\/fincast.fi\/wp-content\/uploads\/2026\/03\/fincast-linkedin-1-scaled.png","contentUrl":"https:\/\/fincast.fi\/wp-content\/uploads\/2026\/03\/fincast-linkedin-1-scaled.png","width":2560,"height":2560,"caption":"Fincast Oy"},"image":{"@id":"https:\/\/fincast.fi\/#\/schema\/logo\/image\/"},"sameAs":["https:\/\/www.linkedin.com\/company\/fincastoy"]}]}},"_links":{"self":[{"href":"https:\/\/fincast.fi\/sv\/wp-json\/wp\/v2\/pages\/15683","targetHints":{"allow":["GET"]}}],"collection":[{"href":"https:\/\/fincast.fi\/sv\/wp-json\/wp\/v2\/pages"}],"about":[{"href":"https:\/\/fincast.fi\/sv\/wp-json\/wp\/v2\/types\/page"}],"author":[{"embeddable":true,"href":"https:\/\/fincast.fi\/sv\/wp-json\/wp\/v2\/users\/1"}],"replies":[{"embeddable":true,"href":"https:\/\/fincast.fi\/sv\/wp-json\/wp\/v2\/comments?post=15683"}],"version-history":[{"count":40,"href":"https:\/\/fincast.fi\/sv\/wp-json\/wp\/v2\/pages\/15683\/revisions"}],"predecessor-version":[{"id":16162,"href":"https:\/\/fincast.fi\/sv\/wp-json\/wp\/v2\/pages\/15683\/revisions\/16162"}],"wp:featuredmedia":[{"embeddable":true,"href":"https:\/\/fincast.fi\/sv\/wp-json\/wp\/v2\/media\/8363"}],"wp:attachment":[{"href":"https:\/\/fincast.fi\/sv\/wp-json\/wp\/v2\/media?parent=15683"}],"curies":[{"name":"wp","href":"https:\/\/api.w.org\/{rel}","templated":true}]}}