{"id":15609,"date":"2026-03-19T07:50:55","date_gmt":"2026-03-19T07:50:55","guid":{"rendered":"https:\/\/fincast.fi\/?page_id=15609"},"modified":"2026-04-01T11:47:41","modified_gmt":"2026-04-01T11:47:41","slug":"vastuullisuus","status":"publish","type":"page","link":"https:\/\/fincast.fi\/sv\/vastuullisuus\/","title":{"rendered":"H\u00e5llbarhet"},"content":{"rendered":"<div data-elementor-type=\"wp-page\" data-elementor-id=\"15609\" class=\"elementor elementor-15609\">\n\t\t\t\t<div class=\"elementor-element elementor-element-50bd3d5 e-flex e-con-boxed parallax_section_no qode_elementor_container_no e-con e-parent\" data-id=\"50bd3d5\" data-element_type=\"container\" data-e-type=\"container\" data-settings=\"{&quot;background_background&quot;:&quot;classic&quot;}\">\n\t\t\t\t\t<div class=\"e-con-inner\">\n\t\t\t\t<div class=\"elementor-element elementor-element-9a5e570 elementor-widget elementor-widget-heading\" data-id=\"9a5e570\" data-element_type=\"widget\" data-e-type=\"widget\" data-widget_type=\"heading.default\">\n\t\t\t\t\t<h1 class=\"elementor-heading-title elementor-size-default\">H\u00e5llbarhet<\/h1>\t\t\t\t<\/div>\n\t\t\t\t\t<\/div>\n\t\t\t\t<\/div>\n\t\t<div class=\"elementor-element elementor-element-786b52c e-flex e-con-boxed parallax_section_no qode_elementor_container_no e-con e-parent\" data-id=\"786b52c\" data-element_type=\"container\" data-e-type=\"container\" data-settings=\"{&quot;background_background&quot;:&quot;gradient&quot;}\">\n\t\t\t\t\t<div class=\"e-con-inner\">\n\t\t\t\t<div class=\"elementor-element elementor-element-1022762 elementor-widget elementor-widget-spacer\" data-id=\"1022762\" data-element_type=\"widget\" data-e-type=\"widget\" data-widget_type=\"spacer.default\">\n\t\t\t\t\t\t\t<div class=\"elementor-spacer\">\n\t\t\t<div class=\"elementor-spacer-inner\"><\/div>\n\t\t<\/div>\n\t\t\t\t\t\t<\/div>\n\t\t\t\t<div class=\"elementor-element elementor-element-0790896 elementor-widget-mobile__width-inherit elementor-widget elementor-widget-heading\" data-id=\"0790896\" data-element_type=\"widget\" data-e-type=\"widget\" data-widget_type=\"heading.default\">\n\t\t\t\t\t<h2 class=\"elementor-heading-title elementor-size-default\">Ansvarsfull produktion av betongelement<\/h2>\t\t\t\t<\/div>\n\t\t<div class=\"elementor-element elementor-element-845ecc9 e-con-full e-flex parallax_section_no qode_elementor_container_no e-con e-child\" data-id=\"845ecc9\" data-element_type=\"container\" data-e-type=\"container\">\n\t\t<div class=\"elementor-element elementor-element-64d041d e-con-full e-flex parallax_section_no qode_elementor_container_no e-con e-child\" data-id=\"64d041d\" data-element_type=\"container\" data-e-type=\"container\" data-settings=\"{&quot;background_background&quot;:&quot;classic&quot;}\">\n\t\t<div class=\"elementor-element elementor-element-71f166e e-con-full e-flex parallax_section_no qode_elementor_container_no e-con e-child\" data-id=\"71f166e\" data-element_type=\"container\" data-e-type=\"container\">\n\t\t\t\t<div class=\"elementor-element elementor-element-d3f5f9b elementor-widget elementor-widget-heading\" data-id=\"d3f5f9b\" data-element_type=\"widget\" data-e-type=\"widget\" data-widget_type=\"heading.default\">\n\t\t\t\t\t<h3 class=\"elementor-heading-title elementor-size-default\">Milj\u00f6ansvar<\/h3>\t\t\t\t<\/div>\n\t\t\t\t<div class=\"elementor-element elementor-element-950aca2 elementor-widget elementor-widget-heading\" data-id=\"950aca2\" data-element_type=\"widget\" data-e-type=\"widget\" data-widget_type=\"heading.default\">\n\t\t\t\t\t<p class=\"elementor-heading-title elementor-size-default\">Vi fokuserar i produktionen p\u00e5 att minimera milj\u00f6p\u00e5verkan, fr\u00e4mja cirkul\u00e4r ekonomi och s\u00e4kerst\u00e4lla produkternas h\u00e5llbarhet under hela livscykeln. Vi utvecklar l\u00f6sningar med l\u00e5gt koldioxidavtryck och produktionsprocesser i enlighet med kundernas \u00f6nskem\u00e5l. <\/p>\t\t\t\t<\/div>\n\t\t\t\t<\/div>\n\t\t\t\t<\/div>\n\t\t<div class=\"elementor-element elementor-element-3fd925c e-con-full e-flex parallax_section_no qode_elementor_container_no e-con e-child\" data-id=\"3fd925c\" data-element_type=\"container\" data-e-type=\"container\" data-settings=\"{&quot;background_background&quot;:&quot;classic&quot;}\">\n\t\t<div class=\"elementor-element elementor-element-0b8a5ef e-con-full e-flex parallax_section_no qode_elementor_container_no e-con e-child\" data-id=\"0b8a5ef\" data-element_type=\"container\" data-e-type=\"container\">\n\t\t\t\t<div class=\"elementor-element elementor-element-3577733 elementor-widget elementor-widget-heading\" data-id=\"3577733\" data-element_type=\"widget\" data-e-type=\"widget\" data-widget_type=\"heading.default\">\n\t\t\t\t\t<h3 class=\"elementor-heading-title elementor-size-default\">Produktansvar<\/h3>\t\t\t\t<\/div>\n\t\t\t\t<div class=\"elementor-element elementor-element-a361dae elementor-widget elementor-widget-heading\" data-id=\"a361dae\" data-element_type=\"widget\" data-e-type=\"widget\" data-widget_type=\"heading.default\">\n\t\t\t\t\t<p class=\"elementor-heading-title elementor-size-default\">Vi tillverkar h\u00e5llbara produkter av h\u00f6g kvalitet som \u00e4r m\u00e5ttnoggranna och enkla att installera enligt plan. Vi ansvarar f\u00f6r produkternas kvalitet och leveranstider, f\u00f6r certifieringar och utvecklar kontinuerligt v\u00e5ra produkter f\u00f6r att \u00f6vertr\u00e4ffa byggbranschens krav.<\/p>\t\t\t\t<\/div>\n\t\t\t\t<\/div>\n\t\t\t\t<\/div>\n\t\t<div class=\"elementor-element elementor-element-91c1922 e-con-full e-flex parallax_section_no qode_elementor_container_no e-con e-child\" data-id=\"91c1922\" data-element_type=\"container\" data-e-type=\"container\" data-settings=\"{&quot;background_background&quot;:&quot;classic&quot;}\">\n\t\t<div class=\"elementor-element elementor-element-6da3fd0 e-con-full e-flex parallax_section_no qode_elementor_container_no e-con e-child\" data-id=\"6da3fd0\" data-element_type=\"container\" data-e-type=\"container\">\n\t\t\t\t<div class=\"elementor-element elementor-element-9f01ec8 elementor-widget elementor-widget-heading\" data-id=\"9f01ec8\" data-element_type=\"widget\" data-e-type=\"widget\" data-widget_type=\"heading.default\">\n\t\t\t\t\t<h3 class=\"elementor-heading-title elementor-size-default\">Samh\u00e4llsansvar<\/h3>\t\t\t\t<\/div>\n\t\t\t\t<div class=\"elementor-element elementor-element-c3b1506 elementor-widget elementor-widget-heading\" data-id=\"c3b1506\" data-element_type=\"widget\" data-e-type=\"widget\" data-widget_type=\"heading.default\">\n\t\t\t\t\t<p class=\"elementor-heading-title elementor-size-default\">V\u00e5r h\u00f6gsta prioritet \u00e4r att ta hand om v\u00e5ra medarbetares s\u00e4kerhet och v\u00e4lbefinnande samt att uppfylla arbetsgivarens skyldigheter. Vi tar ansvar f\u00f6r skatter, f\u00f6rs\u00e4kringar och arbetsgivaravgifter samt respekterar lagen och byggbest\u00e4mmelserna. Samh\u00e4llsansvar \u00e4r ett centralt v\u00e4rde f\u00f6r v\u00e5rt f\u00f6retag. <\/p>\t\t\t\t<\/div>\n\t\t\t\t<\/div>\n\t\t\t\t<\/div>\n\t\t\t\t<\/div>\n\t\t<div class=\"elementor-element elementor-element-7fc4aec e-con-full e-flex parallax_section_no qode_elementor_container_no e-con e-child\" data-id=\"7fc4aec\" data-element_type=\"container\" data-e-type=\"container\" data-settings=\"{&quot;background_background&quot;:&quot;classic&quot;}\">\n\t\t<div class=\"elementor-element elementor-element-b5bafee e-con-full e-flex parallax_section_no qode_elementor_container_no e-con e-child\" data-id=\"b5bafee\" data-element_type=\"container\" data-e-type=\"container\" data-settings=\"{&quot;animation&quot;:&quot;none&quot;}\">\n\t\t<div class=\"elementor-element elementor-element-f03b857 e-con-full e-flex parallax_section_no qode_elementor_container_no e-con e-child\" data-id=\"f03b857\" data-element_type=\"container\" data-e-type=\"container\" data-settings=\"{&quot;animation&quot;:&quot;none&quot;}\">\n\t\t\t\t<div class=\"elementor-element elementor-element-cacf5a9 elementor-widget elementor-widget-heading\" data-id=\"cacf5a9\" data-element_type=\"widget\" data-e-type=\"widget\" data-widget_type=\"heading.default\">\n\t\t\t\t\t<h2 class=\"elementor-heading-title elementor-size-default translation-block\">H\u00e5llbara traprum <br>och balkonger<\/h2>\t\t\t\t<\/div>\n\t\t\t\t<div class=\"elementor-element elementor-element-720f254 elementor-widget elementor-widget-heading\" data-id=\"720f254\" data-element_type=\"widget\" data-e-type=\"widget\" data-widget_type=\"heading.default\">\n\t\t\t\t\t<p class=\"elementor-heading-title elementor-size-default\">Omfattande expertis inom betong- och stenbyggnation. Vi tillverkar betongelementer, levererar natursten och utf\u00f6r kr\u00e4vande plattl\u00e4ggnings- och reparationsarbeten direkt p\u00e5 din byggarbetsplats.<\/p>\t\t\t\t<\/div>\n\t\t\t\t<\/div>\n\t\t<div class=\"elementor-element elementor-element-40c8f0e e-con-full e-flex parallax_section_no qode_elementor_container_no e-con e-child\" data-id=\"40c8f0e\" data-element_type=\"container\" data-e-type=\"container\">\n\t\t\t\t<div class=\"elementor-element elementor-element-c69df21 elementor-widget elementor-widget-qi_addons_for_elementor_button\" data-id=\"c69df21\" data-element_type=\"widget\" data-e-type=\"widget\" data-widget_type=\"qi_addons_for_elementor_button.default\">\n\t\t\t\t<div class=\"elementor-widget-container\">\n\t\t\t\t\t<a class=\"qodef-shortcode qodef-m qodef-qi-button qodef-html--link qodef-layout--filled qodef-type--standard qodef-size--small qodef-icon--right qodef-hover--icon-move-horizontal-short\" href=\"https:\/\/fincast.fi\/sv\/yhteydet\/\" target=\"_self\">\n\t<span class=\"qodef-m-text\">Kontakta oss<\/span>\n\t\t<span class=\"qodef-m-icon\">\n\t\t<span class=\"qodef-m-icon-inner\">\n\t\t\t<svg aria-hidden=\"true\" class=\"e-font-icon-svg e-fas-chevron-right\" viewbox=\"0 0 320 512\" xmlns=\"http:\/\/www.w3.org\/2000\/svg\"><path d=\"M285.476 272.971L91.132 467.314c-9.373 9.373-24.569 9.373-33.941 0l-22.667-22.667c-9.357-9.357-9.375-24.522-.04-33.901L188.505 256 34.484 101.255c-9.335-9.379-9.317-24.544.04-33.901l22.667-22.667c9.373-9.373 24.569-9.373 33.941 0L285.475 239.03c9.373 9.372 9.373 24.568.001 33.941z\"><\/path><\/svg>\t\t\t\t\t<\/span>\n\t<\/span>\n<\/a>\n\t\t\t\t<\/div>\n\t\t\t\t<\/div>\n\t\t\t\t<\/div>\n\t\t\t\t<\/div>\n\t\t<div class=\"elementor-element elementor-element-3b367d8 e-con-full elementor-hidden-tablet elementor-hidden-mobile e-flex parallax_section_no qode_elementor_container_no e-con e-child\" data-id=\"3b367d8\" data-element_type=\"container\" data-e-type=\"container\" data-settings=\"{&quot;animation&quot;:&quot;none&quot;,&quot;background_background&quot;:&quot;classic&quot;}\">\n\t\t\t\t<\/div>\n\t\t\t\t<\/div>\n\t\t\t\t<div class=\"elementor-element elementor-element-d0102d5 elementor-widget elementor-widget-spacer\" data-id=\"d0102d5\" data-element_type=\"widget\" data-e-type=\"widget\" data-widget_type=\"spacer.default\">\n\t\t\t\t\t\t\t<div class=\"elementor-spacer\">\n\t\t\t<div class=\"elementor-spacer-inner\"><\/div>\n\t\t<\/div>\n\t\t\t\t\t\t<\/div>\n\t\t\t\t\t<\/div>\n\t\t\t\t<\/div>\n\t\t\t\t<\/div>","protected":false},"excerpt":{"rendered":"<p>Vastuullisuus Vastuullista betonielementtien tuotantoa Ymp\u00e4rist\u00f6vastuu Keskitymme valmistuksessa ymp\u00e4rist\u00f6vaikutusten minimointiin, kiertotalouden edist\u00e4miseen ja tuotteiden kest\u00e4vyyteen koko elinkaaren ajalla. Kehit\u00e4mme v\u00e4h\u00e4hiilisi\u00e4 ratkaisuja ja tuotantoprosesseja asiakkaiden toivomusten mukaisesti. Tuotevastuu Valmistamme kest\u00e4vi\u00e4 ja laadukkaita tuotteita, jotka ovat mittatarkkoja ja helppoja asentaa suunnitellun mukaisesti. Vastaamme tuotteiden laadusta ja toimitusaikatauluista, sertifioinneista&#8230;<\/p>","protected":false},"author":1,"featured_media":15895,"parent":0,"menu_order":0,"comment_status":"closed","ping_status":"closed","template":"elementor_header_footer","meta":{"footnotes":""},"class_list":["post-15609","page","type-page","status-publish","has-post-thumbnail","hentry"],"yoast_head":"<!-- This site is optimized with the Yoast SEO plugin v27.5 - https:\/\/yoast.com\/product\/yoast-seo-wordpress\/ -->\n<title>Vastuullisuus | Vastuullista betoni- ja porraselementtien tuotantoa | Fincast Oy<\/title>\n<meta name=\"description\" content=\"Kest\u00e4v\u00e4t ja laadukkaat tuotteet | Turvallisuus ja hyvinvointi | Tuotteiden kest\u00e4vyys | V\u00e4h\u00e4hiiliset ratkaisut\" \/>\n<meta name=\"robots\" content=\"index, follow, max-snippet:-1, max-image-preview:large, max-video-preview:-1\" \/>\n<link rel=\"canonical\" href=\"https:\/\/fincast.fi\/sv\/vastuullisuus\/\" \/>\n<meta property=\"og:locale\" content=\"sv_SE\" \/>\n<meta property=\"og:type\" content=\"article\" \/>\n<meta property=\"og:title\" content=\"Vastuullisuus | Vastuullista betoni- ja porraselementtien tuotantoa | Fincast Oy\" \/>\n<meta property=\"og:description\" content=\"Kest\u00e4v\u00e4t ja laadukkaat tuotteet | Turvallisuus ja hyvinvointi | Tuotteiden kest\u00e4vyys | V\u00e4h\u00e4hiiliset ratkaisut\" \/>\n<meta property=\"og:url\" content=\"https:\/\/fincast.fi\/sv\/vastuullisuus\/\" \/>\n<meta property=\"og:site_name\" content=\"Fincast Oy\" \/>\n<meta property=\"article:modified_time\" content=\"2026-04-01T11:47:41+00:00\" \/>\n<meta property=\"og:image\" content=\"https:\/\/fincast.fi\/wp-content\/uploads\/2026\/03\/closeup-of-pavement-curb-with-green-grass-lawn-beh-2026-03-16-02-07-26-utc-1.jpg\" \/>\n\t<meta property=\"og:image:width\" content=\"1700\" \/>\n\t<meta property=\"og:image:height\" content=\"1134\" \/>\n\t<meta property=\"og:image:type\" content=\"image\/jpeg\" \/>\n<meta name=\"twitter:card\" content=\"summary_large_image\" \/>\n<meta name=\"twitter:label1\" content=\"Ber\u00e4knad l\u00e4stid\" \/>\n\t<meta name=\"twitter:data1\" content=\"1 minut\" \/>\n<script type=\"application\/ld+json\" class=\"yoast-schema-graph\">{\"@context\":\"https:\\\/\\\/schema.org\",\"@graph\":[{\"@type\":\"WebPage\",\"@id\":\"https:\\\/\\\/fincast.fi\\\/vastuullisuus\\\/\",\"url\":\"https:\\\/\\\/fincast.fi\\\/vastuullisuus\\\/\",\"name\":\"Vastuullisuus | Vastuullista betoni- ja porraselementtien tuotantoa | Fincast Oy\",\"isPartOf\":{\"@id\":\"https:\\\/\\\/fincast.fi\\\/#website\"},\"primaryImageOfPage\":{\"@id\":\"https:\\\/\\\/fincast.fi\\\/vastuullisuus\\\/#primaryimage\"},\"image\":{\"@id\":\"https:\\\/\\\/fincast.fi\\\/vastuullisuus\\\/#primaryimage\"},\"thumbnailUrl\":\"https:\\\/\\\/fincast.fi\\\/wp-content\\\/uploads\\\/2026\\\/03\\\/closeup-of-pavement-curb-with-green-grass-lawn-beh-2026-03-16-02-07-26-utc-1.jpg\",\"datePublished\":\"2026-03-19T07:50:55+00:00\",\"dateModified\":\"2026-04-01T11:47:41+00:00\",\"description\":\"Kest\u00e4v\u00e4t ja laadukkaat tuotteet | Turvallisuus ja hyvinvointi | Tuotteiden kest\u00e4vyys | V\u00e4h\u00e4hiiliset ratkaisut\",\"breadcrumb\":{\"@id\":\"https:\\\/\\\/fincast.fi\\\/vastuullisuus\\\/#breadcrumb\"},\"inLanguage\":\"sv-SE\",\"potentialAction\":[{\"@type\":\"ReadAction\",\"target\":[\"https:\\\/\\\/fincast.fi\\\/vastuullisuus\\\/\"]}]},{\"@type\":\"ImageObject\",\"inLanguage\":\"sv-SE\",\"@id\":\"https:\\\/\\\/fincast.fi\\\/vastuullisuus\\\/#primaryimage\",\"url\":\"https:\\\/\\\/fincast.fi\\\/wp-content\\\/uploads\\\/2026\\\/03\\\/closeup-of-pavement-curb-with-green-grass-lawn-beh-2026-03-16-02-07-26-utc-1.jpg\",\"contentUrl\":\"https:\\\/\\\/fincast.fi\\\/wp-content\\\/uploads\\\/2026\\\/03\\\/closeup-of-pavement-curb-with-green-grass-lawn-beh-2026-03-16-02-07-26-utc-1.jpg\",\"width\":1700,\"height\":1134},{\"@type\":\"BreadcrumbList\",\"@id\":\"https:\\\/\\\/fincast.fi\\\/vastuullisuus\\\/#breadcrumb\",\"itemListElement\":[{\"@type\":\"ListItem\",\"position\":1,\"name\":\"Etusivu\",\"item\":\"https:\\\/\\\/fincast.fi\\\/\"},{\"@type\":\"ListItem\",\"position\":2,\"name\":\"Vastuullisuus\"}]},{\"@type\":\"WebSite\",\"@id\":\"https:\\\/\\\/fincast.fi\\\/#website\",\"url\":\"https:\\\/\\\/fincast.fi\\\/\",\"name\":\"Fincast Oy\",\"description\":\"Kest\u00e4v\u00e4t porrashuoneet ja parvekkeet\",\"publisher\":{\"@id\":\"https:\\\/\\\/fincast.fi\\\/#organization\"},\"alternateName\":\"Fincast\",\"potentialAction\":[{\"@type\":\"SearchAction\",\"target\":{\"@type\":\"EntryPoint\",\"urlTemplate\":\"https:\\\/\\\/fincast.fi\\\/?s={search_term_string}\"},\"query-input\":{\"@type\":\"PropertyValueSpecification\",\"valueRequired\":true,\"valueName\":\"search_term_string\"}}],\"inLanguage\":\"sv-SE\"},{\"@type\":\"Organization\",\"@id\":\"https:\\\/\\\/fincast.fi\\\/#organization\",\"name\":\"Fincast Oy\",\"alternateName\":\"Fincast\",\"url\":\"https:\\\/\\\/fincast.fi\\\/\",\"logo\":{\"@type\":\"ImageObject\",\"inLanguage\":\"sv-SE\",\"@id\":\"https:\\\/\\\/fincast.fi\\\/#\\\/schema\\\/logo\\\/image\\\/\",\"url\":\"https:\\\/\\\/fincast.fi\\\/wp-content\\\/uploads\\\/2026\\\/03\\\/fincast-linkedin-1-scaled.png\",\"contentUrl\":\"https:\\\/\\\/fincast.fi\\\/wp-content\\\/uploads\\\/2026\\\/03\\\/fincast-linkedin-1-scaled.png\",\"width\":2560,\"height\":2560,\"caption\":\"Fincast Oy\"},\"image\":{\"@id\":\"https:\\\/\\\/fincast.fi\\\/#\\\/schema\\\/logo\\\/image\\\/\"},\"sameAs\":[\"https:\\\/\\\/www.linkedin.com\\\/company\\\/fincastoy\"]}]}<\/script>\n<!-- \/ Yoast SEO plugin. -->","yoast_head_json":{"title":"Vastuullisuus | Vastuullista betoni- ja porraselementtien tuotantoa | Fincast Oy","description":"Kest\u00e4v\u00e4t ja laadukkaat tuotteet | Turvallisuus ja hyvinvointi | Tuotteiden kest\u00e4vyys | V\u00e4h\u00e4hiiliset ratkaisut","robots":{"index":"index","follow":"follow","max-snippet":"max-snippet:-1","max-image-preview":"max-image-preview:large","max-video-preview":"max-video-preview:-1"},"canonical":"https:\/\/fincast.fi\/sv\/vastuullisuus\/","og_locale":"sv_SE","og_type":"article","og_title":"Vastuullisuus | Vastuullista betoni- ja porraselementtien tuotantoa | Fincast Oy","og_description":"Kest\u00e4v\u00e4t ja laadukkaat tuotteet | Turvallisuus ja hyvinvointi | Tuotteiden kest\u00e4vyys | V\u00e4h\u00e4hiiliset ratkaisut","og_url":"https:\/\/fincast.fi\/sv\/vastuullisuus\/","og_site_name":"Fincast Oy","article_modified_time":"2026-04-01T11:47:41+00:00","og_image":[{"width":1700,"height":1134,"url":"https:\/\/fincast.fi\/wp-content\/uploads\/2026\/03\/closeup-of-pavement-curb-with-green-grass-lawn-beh-2026-03-16-02-07-26-utc-1.jpg","type":"image\/jpeg"}],"twitter_card":"summary_large_image","twitter_misc":{"Ber\u00e4knad l\u00e4stid":"1 minut"},"schema":{"@context":"https:\/\/schema.org","@graph":[{"@type":"WebPage","@id":"https:\/\/fincast.fi\/vastuullisuus\/","url":"https:\/\/fincast.fi\/vastuullisuus\/","name":"Vastuullisuus | Vastuullista betoni- ja porraselementtien tuotantoa | Fincast Oy","isPartOf":{"@id":"https:\/\/fincast.fi\/#website"},"primaryImageOfPage":{"@id":"https:\/\/fincast.fi\/vastuullisuus\/#primaryimage"},"image":{"@id":"https:\/\/fincast.fi\/vastuullisuus\/#primaryimage"},"thumbnailUrl":"https:\/\/fincast.fi\/wp-content\/uploads\/2026\/03\/closeup-of-pavement-curb-with-green-grass-lawn-beh-2026-03-16-02-07-26-utc-1.jpg","datePublished":"2026-03-19T07:50:55+00:00","dateModified":"2026-04-01T11:47:41+00:00","description":"Kest\u00e4v\u00e4t ja laadukkaat tuotteet | Turvallisuus ja hyvinvointi | Tuotteiden kest\u00e4vyys | V\u00e4h\u00e4hiiliset ratkaisut","breadcrumb":{"@id":"https:\/\/fincast.fi\/vastuullisuus\/#breadcrumb"},"inLanguage":"sv-SE","potentialAction":[{"@type":"ReadAction","target":["https:\/\/fincast.fi\/vastuullisuus\/"]}]},{"@type":"ImageObject","inLanguage":"sv-SE","@id":"https:\/\/fincast.fi\/vastuullisuus\/#primaryimage","url":"https:\/\/fincast.fi\/wp-content\/uploads\/2026\/03\/closeup-of-pavement-curb-with-green-grass-lawn-beh-2026-03-16-02-07-26-utc-1.jpg","contentUrl":"https:\/\/fincast.fi\/wp-content\/uploads\/2026\/03\/closeup-of-pavement-curb-with-green-grass-lawn-beh-2026-03-16-02-07-26-utc-1.jpg","width":1700,"height":1134},{"@type":"BreadcrumbList","@id":"https:\/\/fincast.fi\/vastuullisuus\/#breadcrumb","itemListElement":[{"@type":"ListItem","position":1,"name":"Etusivu","item":"https:\/\/fincast.fi\/"},{"@type":"ListItem","position":2,"name":"Vastuullisuus"}]},{"@type":"WebSite","@id":"https:\/\/fincast.fi\/#website","url":"https:\/\/fincast.fi\/","name":"Fincast Oy","description":"Kest\u00e4v\u00e4t porrashuoneet ja parvekkeet","publisher":{"@id":"https:\/\/fincast.fi\/#organization"},"alternateName":"Fincast","potentialAction":[{"@type":"SearchAction","target":{"@type":"EntryPoint","urlTemplate":"https:\/\/fincast.fi\/?s={search_term_string}"},"query-input":{"@type":"PropertyValueSpecification","valueRequired":true,"valueName":"search_term_string"}}],"inLanguage":"sv-SE"},{"@type":"Organization","@id":"https:\/\/fincast.fi\/#organization","name":"Fincast Oy","alternateName":"Fincast","url":"https:\/\/fincast.fi\/","logo":{"@type":"ImageObject","inLanguage":"sv-SE","@id":"https:\/\/fincast.fi\/#\/schema\/logo\/image\/","url":"https:\/\/fincast.fi\/wp-content\/uploads\/2026\/03\/fincast-linkedin-1-scaled.png","contentUrl":"https:\/\/fincast.fi\/wp-content\/uploads\/2026\/03\/fincast-linkedin-1-scaled.png","width":2560,"height":2560,"caption":"Fincast Oy"},"image":{"@id":"https:\/\/fincast.fi\/#\/schema\/logo\/image\/"},"sameAs":["https:\/\/www.linkedin.com\/company\/fincastoy"]}]}},"_links":{"self":[{"href":"https:\/\/fincast.fi\/sv\/wp-json\/wp\/v2\/pages\/15609","targetHints":{"allow":["GET"]}}],"collection":[{"href":"https:\/\/fincast.fi\/sv\/wp-json\/wp\/v2\/pages"}],"about":[{"href":"https:\/\/fincast.fi\/sv\/wp-json\/wp\/v2\/types\/page"}],"author":[{"embeddable":true,"href":"https:\/\/fincast.fi\/sv\/wp-json\/wp\/v2\/users\/1"}],"replies":[{"embeddable":true,"href":"https:\/\/fincast.fi\/sv\/wp-json\/wp\/v2\/comments?post=15609"}],"version-history":[{"count":76,"href":"https:\/\/fincast.fi\/sv\/wp-json\/wp\/v2\/pages\/15609\/revisions"}],"predecessor-version":[{"id":16197,"href":"https:\/\/fincast.fi\/sv\/wp-json\/wp\/v2\/pages\/15609\/revisions\/16197"}],"wp:featuredmedia":[{"embeddable":true,"href":"https:\/\/fincast.fi\/sv\/wp-json\/wp\/v2\/media\/15895"}],"wp:attachment":[{"href":"https:\/\/fincast.fi\/sv\/wp-json\/wp\/v2\/media?parent=15609"}],"curies":[{"name":"wp","href":"https:\/\/api.w.org\/{rel}","templated":true}]}}