{"id":15598,"date":"2026-03-19T07:17:54","date_gmt":"2026-03-19T07:17:54","guid":{"rendered":"https:\/\/fincast.fi\/?page_id=15598"},"modified":"2026-04-01T10:56:56","modified_gmt":"2026-04-01T10:56:56","slug":"yritys","status":"publish","type":"page","link":"https:\/\/fincast.fi\/sv\/yritys\/","title":{"rendered":"F\u00f6retag"},"content":{"rendered":"<div data-elementor-type=\"wp-page\" data-elementor-id=\"15598\" class=\"elementor elementor-15598\">\n\t\t\t\t<div class=\"elementor-element elementor-element-542bcdd e-flex e-con-boxed parallax_section_no qode_elementor_container_no e-con e-parent\" data-id=\"542bcdd\" data-element_type=\"container\" data-e-type=\"container\" data-settings=\"{&quot;background_background&quot;:&quot;classic&quot;}\">\n\t\t\t\t\t<div class=\"e-con-inner\">\n\t\t\t\t<div class=\"elementor-element elementor-element-a24314b elementor-widget elementor-widget-heading\" data-id=\"a24314b\" data-element_type=\"widget\" data-e-type=\"widget\" data-widget_type=\"heading.default\">\n\t\t\t\t\t<h1 class=\"elementor-heading-title elementor-size-default\">F\u00f6retag<\/h1>\t\t\t\t<\/div>\n\t\t\t\t\t<\/div>\n\t\t\t\t<\/div>\n\t\t<div class=\"elementor-element elementor-element-4fae047 e-flex e-con-boxed parallax_section_no qode_elementor_container_no e-con e-parent\" data-id=\"4fae047\" data-element_type=\"container\" data-e-type=\"container\" data-settings=\"{&quot;background_background&quot;:&quot;classic&quot;}\">\n\t\t\t\t\t<div class=\"e-con-inner\">\n\t\t\t\t<div class=\"elementor-element elementor-element-6043915 elementor-widget elementor-widget-spacer\" data-id=\"6043915\" data-element_type=\"widget\" data-e-type=\"widget\" data-widget_type=\"spacer.default\">\n\t\t\t\t\t\t\t<div class=\"elementor-spacer\">\n\t\t\t<div class=\"elementor-spacer-inner\"><\/div>\n\t\t<\/div>\n\t\t\t\t\t\t<\/div>\n\t\t\t\t<div class=\"elementor-element elementor-element-6b4c10f elementor-widget elementor-widget-heading\" data-id=\"6b4c10f\" data-element_type=\"widget\" data-e-type=\"widget\" data-widget_type=\"heading.default\">\n\t\t\t\t\t<h2 class=\"elementor-heading-title elementor-size-default\">Tillf\u00f6rlitlighet och leveranss\u00e4kerhet \u00e4r k\u00e4rnan i Fincasts verksamhet<\/h2>\t\t\t\t<\/div>\n\t\t<div class=\"elementor-element elementor-element-dcae7cf e-con-full e-flex parallax_section_no qode_elementor_container_no e-con e-child\" data-id=\"dcae7cf\" data-element_type=\"container\" data-e-type=\"container\">\n\t\t<div class=\"elementor-element elementor-element-b97be23 e-con-full e-flex parallax_section_no qode_elementor_container_no e-con e-child\" data-id=\"b97be23\" data-element_type=\"container\" data-e-type=\"container\" data-settings=\"{&quot;background_background&quot;:&quot;classic&quot;}\">\n\t\t\t\t<div class=\"elementor-element elementor-element-28feb2a elementor-widget elementor-widget-heading\" data-id=\"28feb2a\" data-element_type=\"widget\" data-e-type=\"widget\" data-widget_type=\"heading.default\">\n\t\t\t\t\t<h3 class=\"elementor-heading-title elementor-size-default translation-block\">Byggande <br>med smidiga steg<\/h3>\t\t\t\t<\/div>\n\t\t\t\t<div class=\"elementor-element elementor-element-77d7240 elementor-widget elementor-widget-heading\" data-id=\"77d7240\" data-element_type=\"widget\" data-e-type=\"widget\" data-widget_type=\"heading.default\">\n\t\t\t\t\t<p class=\"elementor-heading-title elementor-size-default\">Fincast Oy planerar, tillverkar och transporterar m\u00e5ttnoggranna betongelement samt levererar natursten av h\u00f6g kvalitet till byggarbetsplatsen. Ut\u00f6ver detta utf\u00f6r vi med yrkesskicklighet kr\u00e4vande plattl\u00e4ggnings- och reparationsarbeten direkt p\u00e5 plats. Vi \u00e4r ett helt finskt f\u00f6retag vars team best\u00e5r av erfarna yrkespersoner inom elementproduktion.<\/p>\t\t\t\t<\/div>\n\t\t\t\t<\/div>\n\t\t<div class=\"elementor-element elementor-element-16396a9 e-con-full e-flex parallax_section_no qode_elementor_container_no e-con e-child\" data-id=\"16396a9\" data-element_type=\"container\" data-e-type=\"container\" data-settings=\"{&quot;background_background&quot;:&quot;classic&quot;}\">\n\t\t\t\t<div class=\"elementor-element elementor-element-e37aa99 elementor-widget elementor-widget-heading\" data-id=\"e37aa99\" data-element_type=\"widget\" data-e-type=\"widget\" data-widget_type=\"heading.default\">\n\t\t\t\t\t<h3 class=\"elementor-heading-title elementor-size-default\">Inga on\u00f6diga gr\u00e4nssnitt<\/h3>\t\t\t\t<\/div>\n\t\t\t\t<div class=\"elementor-element elementor-element-79a6a15 elementor-widget elementor-widget-heading\" data-id=\"79a6a15\" data-element_type=\"widget\" data-e-type=\"widget\" data-widget_type=\"heading.default\">\n\t\t\t\t\t<p class=\"elementor-heading-title elementor-size-default\">N\u00e4r du best\u00e4ller fr\u00e5n en och samma akt\u00f6r undviker du logistiska f\u00f6rseningar och hanteringen av \u00f6verlappande avtal. V\u00e5ra experter sk\u00f6ter processen s\u00f6ml\u00f6st fr\u00e5n fabrik till byggarbetsplats, s\u00e5 att du sparar tid och kan fokusera p\u00e5 att leda helheten.<\/p>\t\t\t\t<\/div>\n\t\t\t\t<\/div>\n\t\t<div class=\"elementor-element elementor-element-61f692a e-con-full e-flex parallax_section_no qode_elementor_container_no e-con e-child\" data-id=\"61f692a\" data-element_type=\"container\" data-e-type=\"container\" data-settings=\"{&quot;background_background&quot;:&quot;classic&quot;}\">\n\t\t\t\t<div class=\"elementor-element elementor-element-f71f646 elementor-widget elementor-widget-heading\" data-id=\"f71f646\" data-element_type=\"widget\" data-e-type=\"widget\" data-widget_type=\"heading.default\">\n\t\t\t\t\t<h3 class=\"elementor-heading-title elementor-size-default\">\u00d6ver 30 \u00e5rs expertis<\/h3>\t\t\t\t<\/div>\n\t\t\t\t<div class=\"elementor-element elementor-element-26dedce elementor-widget elementor-widget-heading\" data-id=\"26dedce\" data-element_type=\"widget\" data-e-type=\"widget\" data-widget_type=\"heading.default\">\n\t\t\t\t\t<p class=\"elementor-heading-title elementor-size-default\">V\u00e5r k\u00e4rnkompetens bygger p\u00e5 gedigen yrkesskicklighet och \u00e5rtionden av erfarenhet. V\u00e5rt team har \u00f6ver 30 \u00e5rs djup erfarenhet av betongelementindustrin, kr\u00e4vande l\u00f6sningar och internationell import. Vi f\u00f6rst\u00e5r hela livscykeln inom elementproduktion och de verkliga utmaningarna p\u00e5 byggarbetsplatser. V\u00e5r l\u00e5nga historia garanterar inte bara f\u00f6rstklassig teknisk kvalitet utan ocks\u00e5 ekonomisk stabilitet och f\u00f6rm\u00e5gan att l\u00f6sa \u00e4ven de mest komplexa projekten med flexibilitet.<\/p>\t\t\t\t<\/div>\n\t\t\t\t<\/div>\n\t\t\t\t<\/div>\n\t\t<div class=\"elementor-element elementor-element-26ca38c e-con-full e-flex parallax_section_no qode_elementor_container_no e-con e-child\" data-id=\"26ca38c\" data-element_type=\"container\" data-e-type=\"container\" data-settings=\"{&quot;background_background&quot;:&quot;classic&quot;}\">\n\t\t<div class=\"elementor-element elementor-element-b71db09 e-con-full e-flex parallax_section_no qode_elementor_container_no e-con e-child\" data-id=\"b71db09\" data-element_type=\"container\" data-e-type=\"container\">\n\t\t\t\t<div class=\"elementor-element elementor-element-ed49b66 elementor-widget elementor-widget-heading\" data-id=\"ed49b66\" data-element_type=\"widget\" data-e-type=\"widget\" data-widget_type=\"heading.default\">\n\t\t\t\t\t<h3 class=\"elementor-heading-title elementor-size-default\">100% leveranss\u00e4kerhet<\/h3>\t\t\t\t<\/div>\n\t\t\t\t<div class=\"elementor-element elementor-element-a070682 elementor-widget elementor-widget-heading\" data-id=\"a070682\" data-element_type=\"widget\" data-e-type=\"widget\" data-widget_type=\"heading.default\">\n\t\t\t\t\t<p class=\"elementor-heading-title elementor-size-default\">V\u00e5ra produktionslokaler finns i Nummela i Vichtis. V\u00e5rt l\u00e4ge m\u00f6jligg\u00f6r snabba precisionsleveranser till de viktigaste marknaderna i hela S\u00f6dra Finland: Helsingforsregionen ligger bara 30 km bort, Lahtis 120 km, \u00c5bo 130 km och Tammerfors 170 km. V\u00e5r egen produktion och optimerade logistik garanterar 100% leveranss\u00e4kerhet. Vi levererar det vi lovar, exakt enligt \u00f6verenskommen tidtabell.<\/p>\t\t\t\t<\/div>\n\t\t\t\t<\/div>\n\t\t<div class=\"elementor-element elementor-element-0808e65 e-con-full e-flex parallax_section_no qode_elementor_container_no e-con e-child\" data-id=\"0808e65\" data-element_type=\"container\" data-e-type=\"container\" data-settings=\"{&quot;background_background&quot;:&quot;classic&quot;}\">\n\t\t\t\t<\/div>\n\t\t\t\t<\/div>\n\t\t<div class=\"elementor-element elementor-element-6aa7642 e-con-full e-flex parallax_section_no qode_elementor_container_no e-con e-child\" data-id=\"6aa7642\" data-element_type=\"container\" data-e-type=\"container\" data-settings=\"{&quot;background_background&quot;:&quot;classic&quot;}\">\n\t\t\t\t<div class=\"elementor-element elementor-element-e9c6155 elementor-widget elementor-widget-google_maps\" data-id=\"e9c6155\" data-element_type=\"widget\" data-e-type=\"widget\" data-widget_type=\"google_maps.default\">\n\t\t\t\t\t\t\t<div class=\"elementor-custom-embed\">\n\t\t\t<iframe loading=\"lazy\"\n\t\t\t\t\tsrc=\"https:\/\/maps.google.com\/maps?q=Kaukoilantie%204%2C%20Nummela&#038;t=m&#038;z=14&#038;output=embed&#038;iwloc=near\"\n\t\t\t\t\ttitle=\"Kaukoilantie 4, Nummela\"\n\t\t\t\t\taria-label=\"Kaukoilantie 4, Nummela\"\n\t\t\t><\/iframe>\n\t\t<\/div>\n\t\t\t\t\t\t<\/div>\n\t\t\t\t<\/div>\n\t\t\t\t<div class=\"elementor-element elementor-element-1f5b60b elementor-widget elementor-widget-spacer\" data-id=\"1f5b60b\" data-element_type=\"widget\" data-e-type=\"widget\" data-widget_type=\"spacer.default\">\n\t\t\t\t\t\t\t<div class=\"elementor-spacer\">\n\t\t\t<div class=\"elementor-spacer-inner\"><\/div>\n\t\t<\/div>\n\t\t\t\t\t\t<\/div>\n\t\t\t\t\t<\/div>\n\t\t\t\t<\/div>\n\t\t<div class=\"elementor-element elementor-element-0a60292 e-flex e-con-boxed parallax_section_no qode_elementor_container_no e-con e-parent\" data-id=\"0a60292\" data-element_type=\"container\" data-e-type=\"container\" data-settings=\"{&quot;background_background&quot;:&quot;gradient&quot;}\">\n\t\t\t\t\t<div class=\"e-con-inner\">\n\t\t\t\t<div class=\"elementor-element elementor-element-57d86d0 elementor-widget elementor-widget-spacer\" data-id=\"57d86d0\" data-element_type=\"widget\" data-e-type=\"widget\" data-widget_type=\"spacer.default\">\n\t\t\t\t\t\t\t<div class=\"elementor-spacer\">\n\t\t\t<div class=\"elementor-spacer-inner\"><\/div>\n\t\t<\/div>\n\t\t\t\t\t\t<\/div>\n\t\t<div class=\"elementor-element elementor-element-2d640c2 e-con-full e-flex parallax_section_no qode_elementor_container_no e-con e-child\" data-id=\"2d640c2\" data-element_type=\"container\" data-e-type=\"container\" data-settings=\"{&quot;background_background&quot;:&quot;classic&quot;}\">\n\t\t<div class=\"elementor-element elementor-element-596584b e-con-full e-flex parallax_section_no qode_elementor_container_no e-con e-child\" data-id=\"596584b\" data-element_type=\"container\" data-e-type=\"container\" data-settings=\"{&quot;animation&quot;:&quot;none&quot;}\">\n\t\t<div class=\"elementor-element elementor-element-9f9dbeb e-con-full e-flex parallax_section_no qode_elementor_container_no e-con e-child\" data-id=\"9f9dbeb\" data-element_type=\"container\" data-e-type=\"container\" data-settings=\"{&quot;animation&quot;:&quot;none&quot;}\">\n\t\t\t\t<div class=\"elementor-element elementor-element-dc7cd15 elementor-widget elementor-widget-heading\" data-id=\"dc7cd15\" data-element_type=\"widget\" data-e-type=\"widget\" data-widget_type=\"heading.default\">\n\t\t\t\t\t<h2 class=\"elementor-heading-title elementor-size-default translation-block\">H\u00e5llbara traprum <br>och balkonger<\/h2>\t\t\t\t<\/div>\n\t\t\t\t<div class=\"elementor-element elementor-element-5b9e504 elementor-widget elementor-widget-heading\" data-id=\"5b9e504\" data-element_type=\"widget\" data-e-type=\"widget\" data-widget_type=\"heading.default\">\n\t\t\t\t\t<p class=\"elementor-heading-title elementor-size-default\">Omfattande expertis inom betong- och stenbyggnation. Vi tillverkar betongelementer, levererar natursten och utf\u00f6r kr\u00e4vande plattl\u00e4ggnings- och reparationsarbeten direkt p\u00e5 din byggarbetsplats.<\/p>\t\t\t\t<\/div>\n\t\t\t\t<\/div>\n\t\t<div class=\"elementor-element elementor-element-e242a4a e-con-full e-flex parallax_section_no qode_elementor_container_no e-con e-child\" data-id=\"e242a4a\" data-element_type=\"container\" data-e-type=\"container\">\n\t\t\t\t<div class=\"elementor-element elementor-element-68b5f5c elementor-widget elementor-widget-qi_addons_for_elementor_button\" data-id=\"68b5f5c\" data-element_type=\"widget\" data-e-type=\"widget\" data-widget_type=\"qi_addons_for_elementor_button.default\">\n\t\t\t\t<div class=\"elementor-widget-container\">\n\t\t\t\t\t<a class=\"qodef-shortcode qodef-m qodef-qi-button qodef-html--link qodef-layout--filled qodef-type--standard qodef-size--small qodef-icon--right qodef-hover--icon-move-horizontal-short\" href=\"https:\/\/fincast.fi\/sv\/yhteydet\/\" target=\"_self\">\n\t<span class=\"qodef-m-text\">Kontakta oss<\/span>\n\t\t<span class=\"qodef-m-icon\">\n\t\t<span class=\"qodef-m-icon-inner\">\n\t\t\t<svg aria-hidden=\"true\" class=\"e-font-icon-svg e-fas-chevron-right\" viewbox=\"0 0 320 512\" xmlns=\"http:\/\/www.w3.org\/2000\/svg\"><path d=\"M285.476 272.971L91.132 467.314c-9.373 9.373-24.569 9.373-33.941 0l-22.667-22.667c-9.357-9.357-9.375-24.522-.04-33.901L188.505 256 34.484 101.255c-9.335-9.379-9.317-24.544.04-33.901l22.667-22.667c9.373-9.373 24.569-9.373 33.941 0L285.475 239.03c9.373 9.372 9.373 24.568.001 33.941z\"><\/path><\/svg>\t\t\t\t\t<\/span>\n\t<\/span>\n<\/a>\n\t\t\t\t<\/div>\n\t\t\t\t<\/div>\n\t\t\t\t<div class=\"elementor-element elementor-element-5ce29f7 elementor-widget elementor-widget-qi_addons_for_elementor_button\" data-id=\"5ce29f7\" data-element_type=\"widget\" data-e-type=\"widget\" data-widget_type=\"qi_addons_for_elementor_button.default\">\n\t\t\t\t<div class=\"elementor-widget-container\">\n\t\t\t\t\t<a class=\"qodef-shortcode qodef-m qodef-qi-button qodef-html--link qodef-layout--outlined qodef-type--standard qodef-size--small qodef-icon--right qodef-hover--icon-move-horizontal-short\" href=\"https:\/\/fincast.fi\/sv\/ratkaisut\/\" target=\"_self\">\n\t<span class=\"qodef-m-text\">Tutustu ratkaisuihin<\/span>\n\t\t<span class=\"qodef-m-icon\">\n\t\t<span class=\"qodef-m-icon-inner\">\n\t\t\t<svg aria-hidden=\"true\" class=\"e-font-icon-svg e-fas-chevron-right\" viewbox=\"0 0 320 512\" xmlns=\"http:\/\/www.w3.org\/2000\/svg\"><path d=\"M285.476 272.971L91.132 467.314c-9.373 9.373-24.569 9.373-33.941 0l-22.667-22.667c-9.357-9.357-9.375-24.522-.04-33.901L188.505 256 34.484 101.255c-9.335-9.379-9.317-24.544.04-33.901l22.667-22.667c9.373-9.373 24.569-9.373 33.941 0L285.475 239.03c9.373 9.372 9.373 24.568.001 33.941z\"><\/path><\/svg>\t\t\t\t\t<\/span>\n\t<\/span>\n<\/a>\n\t\t\t\t<\/div>\n\t\t\t\t<\/div>\n\t\t\t\t<\/div>\n\t\t\t\t<\/div>\n\t\t<div class=\"elementor-element elementor-element-ffee119 e-con-full elementor-hidden-tablet elementor-hidden-mobile e-flex parallax_section_no qode_elementor_container_no e-con e-child\" data-id=\"ffee119\" data-element_type=\"container\" data-e-type=\"container\" data-settings=\"{&quot;animation&quot;:&quot;none&quot;,&quot;background_background&quot;:&quot;classic&quot;}\">\n\t\t\t\t<\/div>\n\t\t\t\t<\/div>\n\t\t\t\t<div class=\"elementor-element elementor-element-7053553 elementor-widget elementor-widget-spacer\" data-id=\"7053553\" data-element_type=\"widget\" data-e-type=\"widget\" data-widget_type=\"spacer.default\">\n\t\t\t\t\t\t\t<div class=\"elementor-spacer\">\n\t\t\t<div class=\"elementor-spacer-inner\"><\/div>\n\t\t<\/div>\n\t\t\t\t\t\t<\/div>\n\t\t\t\t\t<\/div>\n\t\t\t\t<\/div>\n\t\t\t\t<\/div>","protected":false},"excerpt":{"rendered":"<p>Yritys Luotettavuus ja toimitusvarmuus ovat Fincastin ydin Rakentamista sujuvin askelin Fincast Oy suunnittelee, valmistaa ja kuljettaa mittatarkat betonielementit sek\u00e4 toimittaa korkealuokkaiset luonnonkivet ty\u00f6maalle. T\u00e4m\u00e4n lis\u00e4ksi toteutamme ammattitaidolla vaativat laatoitus- ja korjausty\u00f6t suoraan ty\u00f6maalla. Olemme t\u00e4ysin suomalainen yritys, jonka tiimi koostuu elementtituotannon kokeneista ammattilaisista. Nolla rajapintaa&#8230;<\/p>","protected":false},"author":1,"featured_media":15940,"parent":0,"menu_order":0,"comment_status":"closed","ping_status":"closed","template":"elementor_header_footer","meta":{"footnotes":""},"class_list":["post-15598","page","type-page","status-publish","has-post-thumbnail","hentry"],"yoast_head":"<!-- This site is optimized with the Yoast SEO plugin v27.5 - https:\/\/yoast.com\/product\/yoast-seo-wordpress\/ -->\n<title>Yritys | Yli 30 vuoden asiantuntijuus | Vihti | Nummela | Fincast Oy<\/title>\n<meta name=\"description\" content=\"Fincast Oy | Suunnittelu, valmistus ja kuljetus | Betonielementit ja luonnonkivet | Laatoitus- ja korjausty\u00f6t suoraan ty\u00f6maalla\" \/>\n<meta name=\"robots\" content=\"index, follow, max-snippet:-1, max-image-preview:large, max-video-preview:-1\" \/>\n<link rel=\"canonical\" href=\"https:\/\/fincast.fi\/sv\/yritys\/\" \/>\n<meta property=\"og:locale\" content=\"sv_SE\" \/>\n<meta property=\"og:type\" content=\"article\" \/>\n<meta property=\"og:title\" content=\"Yritys | Yli 30 vuoden asiantuntijuus | Vihti | Nummela | Fincast Oy\" \/>\n<meta property=\"og:description\" content=\"Fincast Oy | Suunnittelu, valmistus ja kuljetus | Betonielementit ja luonnonkivet | Laatoitus- ja korjausty\u00f6t suoraan ty\u00f6maalla\" \/>\n<meta property=\"og:url\" content=\"https:\/\/fincast.fi\/sv\/yritys\/\" \/>\n<meta property=\"og:site_name\" content=\"Fincast Oy\" \/>\n<meta property=\"article:modified_time\" content=\"2026-04-01T10:56:56+00:00\" \/>\n<meta property=\"og:image\" content=\"https:\/\/fincast.fi\/wp-content\/uploads\/2026\/03\/Fincast-yritysesittely-112025.jpeg\" \/>\n\t<meta property=\"og:image:width\" content=\"1059\" \/>\n\t<meta property=\"og:image:height\" content=\"674\" \/>\n\t<meta property=\"og:image:type\" content=\"image\/jpeg\" \/>\n<meta name=\"twitter:card\" content=\"summary_large_image\" \/>\n<meta name=\"twitter:label1\" content=\"Ber\u00e4knad l\u00e4stid\" \/>\n\t<meta name=\"twitter:data1\" content=\"1 minut\" \/>\n<script type=\"application\/ld+json\" class=\"yoast-schema-graph\">{\"@context\":\"https:\\\/\\\/schema.org\",\"@graph\":[{\"@type\":\"WebPage\",\"@id\":\"https:\\\/\\\/fincast.fi\\\/yritys\\\/\",\"url\":\"https:\\\/\\\/fincast.fi\\\/yritys\\\/\",\"name\":\"Yritys | Yli 30 vuoden asiantuntijuus | Vihti | Nummela | Fincast Oy\",\"isPartOf\":{\"@id\":\"https:\\\/\\\/fincast.fi\\\/#website\"},\"primaryImageOfPage\":{\"@id\":\"https:\\\/\\\/fincast.fi\\\/yritys\\\/#primaryimage\"},\"image\":{\"@id\":\"https:\\\/\\\/fincast.fi\\\/yritys\\\/#primaryimage\"},\"thumbnailUrl\":\"https:\\\/\\\/fincast.fi\\\/wp-content\\\/uploads\\\/2026\\\/03\\\/Fincast-yritysesittely-112025.jpeg\",\"datePublished\":\"2026-03-19T07:17:54+00:00\",\"dateModified\":\"2026-04-01T10:56:56+00:00\",\"description\":\"Fincast Oy | Suunnittelu, valmistus ja kuljetus | Betonielementit ja luonnonkivet | Laatoitus- ja korjausty\u00f6t suoraan ty\u00f6maalla\",\"breadcrumb\":{\"@id\":\"https:\\\/\\\/fincast.fi\\\/yritys\\\/#breadcrumb\"},\"inLanguage\":\"sv-SE\",\"potentialAction\":[{\"@type\":\"ReadAction\",\"target\":[\"https:\\\/\\\/fincast.fi\\\/yritys\\\/\"]}]},{\"@type\":\"ImageObject\",\"inLanguage\":\"sv-SE\",\"@id\":\"https:\\\/\\\/fincast.fi\\\/yritys\\\/#primaryimage\",\"url\":\"https:\\\/\\\/fincast.fi\\\/wp-content\\\/uploads\\\/2026\\\/03\\\/Fincast-yritysesittely-112025.jpeg\",\"contentUrl\":\"https:\\\/\\\/fincast.fi\\\/wp-content\\\/uploads\\\/2026\\\/03\\\/Fincast-yritysesittely-112025.jpeg\",\"width\":1059,\"height\":674},{\"@type\":\"BreadcrumbList\",\"@id\":\"https:\\\/\\\/fincast.fi\\\/yritys\\\/#breadcrumb\",\"itemListElement\":[{\"@type\":\"ListItem\",\"position\":1,\"name\":\"Etusivu\",\"item\":\"https:\\\/\\\/fincast.fi\\\/\"},{\"@type\":\"ListItem\",\"position\":2,\"name\":\"Yritys\"}]},{\"@type\":\"WebSite\",\"@id\":\"https:\\\/\\\/fincast.fi\\\/#website\",\"url\":\"https:\\\/\\\/fincast.fi\\\/\",\"name\":\"Fincast Oy\",\"description\":\"Kest\u00e4v\u00e4t porrashuoneet ja parvekkeet\",\"publisher\":{\"@id\":\"https:\\\/\\\/fincast.fi\\\/#organization\"},\"alternateName\":\"Fincast\",\"potentialAction\":[{\"@type\":\"SearchAction\",\"target\":{\"@type\":\"EntryPoint\",\"urlTemplate\":\"https:\\\/\\\/fincast.fi\\\/?s={search_term_string}\"},\"query-input\":{\"@type\":\"PropertyValueSpecification\",\"valueRequired\":true,\"valueName\":\"search_term_string\"}}],\"inLanguage\":\"sv-SE\"},{\"@type\":\"Organization\",\"@id\":\"https:\\\/\\\/fincast.fi\\\/#organization\",\"name\":\"Fincast Oy\",\"alternateName\":\"Fincast\",\"url\":\"https:\\\/\\\/fincast.fi\\\/\",\"logo\":{\"@type\":\"ImageObject\",\"inLanguage\":\"sv-SE\",\"@id\":\"https:\\\/\\\/fincast.fi\\\/#\\\/schema\\\/logo\\\/image\\\/\",\"url\":\"https:\\\/\\\/fincast.fi\\\/wp-content\\\/uploads\\\/2026\\\/03\\\/fincast-linkedin-1-scaled.png\",\"contentUrl\":\"https:\\\/\\\/fincast.fi\\\/wp-content\\\/uploads\\\/2026\\\/03\\\/fincast-linkedin-1-scaled.png\",\"width\":2560,\"height\":2560,\"caption\":\"Fincast Oy\"},\"image\":{\"@id\":\"https:\\\/\\\/fincast.fi\\\/#\\\/schema\\\/logo\\\/image\\\/\"},\"sameAs\":[\"https:\\\/\\\/www.linkedin.com\\\/company\\\/fincastoy\"]}]}<\/script>\n<!-- \/ Yoast SEO plugin. -->","yoast_head_json":{"title":"Yritys | Yli 30 vuoden asiantuntijuus | Vihti | Nummela | Fincast Oy","description":"Fincast Oy | Suunnittelu, valmistus ja kuljetus | Betonielementit ja luonnonkivet | Laatoitus- ja korjausty\u00f6t suoraan ty\u00f6maalla","robots":{"index":"index","follow":"follow","max-snippet":"max-snippet:-1","max-image-preview":"max-image-preview:large","max-video-preview":"max-video-preview:-1"},"canonical":"https:\/\/fincast.fi\/sv\/yritys\/","og_locale":"sv_SE","og_type":"article","og_title":"Yritys | Yli 30 vuoden asiantuntijuus | Vihti | Nummela | Fincast Oy","og_description":"Fincast Oy | Suunnittelu, valmistus ja kuljetus | Betonielementit ja luonnonkivet | Laatoitus- ja korjausty\u00f6t suoraan ty\u00f6maalla","og_url":"https:\/\/fincast.fi\/sv\/yritys\/","og_site_name":"Fincast Oy","article_modified_time":"2026-04-01T10:56:56+00:00","og_image":[{"width":1059,"height":674,"url":"https:\/\/fincast.fi\/wp-content\/uploads\/2026\/03\/Fincast-yritysesittely-112025.jpeg","type":"image\/jpeg"}],"twitter_card":"summary_large_image","twitter_misc":{"Ber\u00e4knad l\u00e4stid":"1 minut"},"schema":{"@context":"https:\/\/schema.org","@graph":[{"@type":"WebPage","@id":"https:\/\/fincast.fi\/yritys\/","url":"https:\/\/fincast.fi\/yritys\/","name":"Yritys | Yli 30 vuoden asiantuntijuus | Vihti | Nummela | Fincast Oy","isPartOf":{"@id":"https:\/\/fincast.fi\/#website"},"primaryImageOfPage":{"@id":"https:\/\/fincast.fi\/yritys\/#primaryimage"},"image":{"@id":"https:\/\/fincast.fi\/yritys\/#primaryimage"},"thumbnailUrl":"https:\/\/fincast.fi\/wp-content\/uploads\/2026\/03\/Fincast-yritysesittely-112025.jpeg","datePublished":"2026-03-19T07:17:54+00:00","dateModified":"2026-04-01T10:56:56+00:00","description":"Fincast Oy | Suunnittelu, valmistus ja kuljetus | Betonielementit ja luonnonkivet | Laatoitus- ja korjausty\u00f6t suoraan ty\u00f6maalla","breadcrumb":{"@id":"https:\/\/fincast.fi\/yritys\/#breadcrumb"},"inLanguage":"sv-SE","potentialAction":[{"@type":"ReadAction","target":["https:\/\/fincast.fi\/yritys\/"]}]},{"@type":"ImageObject","inLanguage":"sv-SE","@id":"https:\/\/fincast.fi\/yritys\/#primaryimage","url":"https:\/\/fincast.fi\/wp-content\/uploads\/2026\/03\/Fincast-yritysesittely-112025.jpeg","contentUrl":"https:\/\/fincast.fi\/wp-content\/uploads\/2026\/03\/Fincast-yritysesittely-112025.jpeg","width":1059,"height":674},{"@type":"BreadcrumbList","@id":"https:\/\/fincast.fi\/yritys\/#breadcrumb","itemListElement":[{"@type":"ListItem","position":1,"name":"Etusivu","item":"https:\/\/fincast.fi\/"},{"@type":"ListItem","position":2,"name":"Yritys"}]},{"@type":"WebSite","@id":"https:\/\/fincast.fi\/#website","url":"https:\/\/fincast.fi\/","name":"Fincast Oy","description":"Kest\u00e4v\u00e4t porrashuoneet ja parvekkeet","publisher":{"@id":"https:\/\/fincast.fi\/#organization"},"alternateName":"Fincast","potentialAction":[{"@type":"SearchAction","target":{"@type":"EntryPoint","urlTemplate":"https:\/\/fincast.fi\/?s={search_term_string}"},"query-input":{"@type":"PropertyValueSpecification","valueRequired":true,"valueName":"search_term_string"}}],"inLanguage":"sv-SE"},{"@type":"Organization","@id":"https:\/\/fincast.fi\/#organization","name":"Fincast Oy","alternateName":"Fincast","url":"https:\/\/fincast.fi\/","logo":{"@type":"ImageObject","inLanguage":"sv-SE","@id":"https:\/\/fincast.fi\/#\/schema\/logo\/image\/","url":"https:\/\/fincast.fi\/wp-content\/uploads\/2026\/03\/fincast-linkedin-1-scaled.png","contentUrl":"https:\/\/fincast.fi\/wp-content\/uploads\/2026\/03\/fincast-linkedin-1-scaled.png","width":2560,"height":2560,"caption":"Fincast Oy"},"image":{"@id":"https:\/\/fincast.fi\/#\/schema\/logo\/image\/"},"sameAs":["https:\/\/www.linkedin.com\/company\/fincastoy"]}]}},"_links":{"self":[{"href":"https:\/\/fincast.fi\/sv\/wp-json\/wp\/v2\/pages\/15598","targetHints":{"allow":["GET"]}}],"collection":[{"href":"https:\/\/fincast.fi\/sv\/wp-json\/wp\/v2\/pages"}],"about":[{"href":"https:\/\/fincast.fi\/sv\/wp-json\/wp\/v2\/types\/page"}],"author":[{"embeddable":true,"href":"https:\/\/fincast.fi\/sv\/wp-json\/wp\/v2\/users\/1"}],"replies":[{"embeddable":true,"href":"https:\/\/fincast.fi\/sv\/wp-json\/wp\/v2\/comments?post=15598"}],"version-history":[{"count":53,"href":"https:\/\/fincast.fi\/sv\/wp-json\/wp\/v2\/pages\/15598\/revisions"}],"predecessor-version":[{"id":16176,"href":"https:\/\/fincast.fi\/sv\/wp-json\/wp\/v2\/pages\/15598\/revisions\/16176"}],"wp:featuredmedia":[{"embeddable":true,"href":"https:\/\/fincast.fi\/sv\/wp-json\/wp\/v2\/media\/15940"}],"wp:attachment":[{"href":"https:\/\/fincast.fi\/sv\/wp-json\/wp\/v2\/media?parent=15598"}],"curies":[{"name":"wp","href":"https:\/\/api.w.org\/{rel}","templated":true}]}}